{"id":1993,"date":"2024-07-17T08:51:22","date_gmt":"2024-07-17T08:51:22","guid":{"rendered":"https:\/\/fenomena-film-production.de\/?page_id=1993"},"modified":"2026-02-19T16:10:23","modified_gmt":"2026-02-19T16:10:23","slug":"brian-de-palma","status":"publish","type":"page","link":"https:\/\/fenomena-film-production.de\/de\/books\/brian-de-palma\/","title":{"rendered":"Brian de Palma"},"content":{"rendered":"<div data-elementor-type=\"wp-page\" data-elementor-id=\"1993\" class=\"elementor elementor-1993\">\n\t\t\t\t\t\t<section class=\"elementor-section elementor-top-section elementor-element elementor-element-d4064aa elementor-section-boxed elementor-section-height-default elementor-section-height-default\" data-id=\"d4064aa\" data-element_type=\"section\" data-e-type=\"section\" data-settings=\"{&quot;background_background&quot;:&quot;classic&quot;}\">\n\t\t\t\t\t\t\t<div class=\"elementor-background-overlay\"><\/div>\n\t\t\t\t\t\t\t<div class=\"elementor-container elementor-column-gap-no\">\n\t\t\t\t\t<div class=\"elementor-column elementor-col-100 elementor-top-column elementor-element elementor-element-257f905\" data-id=\"257f905\" data-element_type=\"column\" data-e-type=\"column\">\n\t\t\t<div class=\"elementor-widget-wrap elementor-element-populated\">\n\t\t\t\t\t\t<div class=\"elementor-element elementor-element-e9bdae4 elementor-widget elementor-widget-heading\" data-id=\"e9bdae4\" data-element_type=\"widget\" data-e-type=\"widget\" data-widget_type=\"heading.default\">\n\t\t\t\t<div class=\"elementor-widget-container\">\n\t\t\t\t\t<h1 class=\"elementor-heading-title elementor-size-default\">Brian de Palma<\/h1>\t\t\t\t<\/div>\n\t\t\t\t<\/div>\n\t\t\t\t<div class=\"elementor-element elementor-element-6db87c4 elementor-widget-divider--view-line elementor-widget elementor-widget-divider\" data-id=\"6db87c4\" data-element_type=\"widget\" data-e-type=\"widget\" data-widget_type=\"divider.default\">\n\t\t\t\t<div class=\"elementor-widget-container\">\n\t\t\t\t\t\t\t<div class=\"elementor-divider\">\n\t\t\t<span class=\"elementor-divider-separator\">\n\t\t\t\t\t\t<\/span>\n\t\t<\/div>\n\t\t\t\t\t\t<\/div>\n\t\t\t\t<\/div>\n\t\t\t\t\t<\/div>\n\t\t<\/div>\n\t\t\t\t\t<\/div>\n\t\t<\/section>\n\t\t\t\t<section class=\"elementor-section elementor-top-section elementor-element elementor-element-1626f6e elementor-section-content-middle elementor-section-boxed elementor-section-height-default elementor-section-height-default\" data-id=\"1626f6e\" data-element_type=\"section\" data-e-type=\"section\" data-settings=\"{&quot;background_background&quot;:&quot;classic&quot;}\">\n\t\t\t\t\t\t\t<div class=\"elementor-background-overlay\"><\/div>\n\t\t\t\t\t\t\t<div class=\"elementor-container elementor-column-gap-no\">\n\t\t\t\t\t<div class=\"elementor-column elementor-col-50 elementor-top-column elementor-element elementor-element-011fead\" data-id=\"011fead\" data-element_type=\"column\" data-e-type=\"column\">\n\t\t\t<div class=\"elementor-widget-wrap elementor-element-populated\">\n\t\t\t\t\t\t<div class=\"elementor-element elementor-element-78c3a91 elementor-widget elementor-widget-image\" data-id=\"78c3a91\" data-element_type=\"widget\" data-e-type=\"widget\" data-widget_type=\"image.default\">\n\t\t\t\t<div class=\"elementor-widget-container\">\n\t\t\t\t\t\t\t\t\t\t\t\t\t\t\t<img fetchpriority=\"high\" decoding=\"async\" width=\"625\" height=\"888\" src=\"https:\/\/fenomena-film-production.de\/wp-content\/uploads\/2024\/07\/De-Palma.jpeg\" class=\"attachment-full size-full wp-image-1936\" alt=\"\" srcset=\"https:\/\/fenomena-film-production.de\/wp-content\/uploads\/2024\/07\/De-Palma.jpeg 625w, https:\/\/fenomena-film-production.de\/wp-content\/uploads\/2024\/07\/De-Palma-211x300.jpeg 211w, https:\/\/fenomena-film-production.de\/wp-content\/uploads\/2024\/07\/De-Palma-8x12.jpeg 8w\" sizes=\"(max-width: 625px) 100vw, 625px\" \/>\t\t\t\t\t\t\t\t\t\t\t\t\t\t\t<\/div>\n\t\t\t\t<\/div>\n\t\t\t\t\t<\/div>\n\t\t<\/div>\n\t\t\t\t<div class=\"elementor-column elementor-col-50 elementor-top-column elementor-element elementor-element-09816ad\" data-id=\"09816ad\" data-element_type=\"column\" data-e-type=\"column\">\n\t\t\t<div class=\"elementor-widget-wrap elementor-element-populated\">\n\t\t\t\t\t\t<div class=\"elementor-element elementor-element-e350c29 elementor-widget elementor-widget-heading\" data-id=\"e350c29\" data-element_type=\"widget\" data-e-type=\"widget\" data-widget_type=\"heading.default\">\n\t\t\t\t<div class=\"elementor-widget-container\">\n\t\t\t\t\t<h2 class=\"elementor-heading-title elementor-size-default\">Brian de Palma - Das Misstrauen der Bilder<\/h2>\t\t\t\t<\/div>\n\t\t\t\t<\/div>\n\t\t\t\t<div class=\"elementor-element elementor-element-6662f1b elementor-widget elementor-widget-text-editor\" data-id=\"6662f1b\" data-element_type=\"widget\" data-e-type=\"widget\" data-widget_type=\"text-editor.default\">\n\t\t\t\t<div class=\"elementor-widget-container\">\n\t\t\t\t\t\t\t\t\t<p><strong>Release: April 2026<\/strong><\/p>\t\t\t\t\t\t\t\t<\/div>\n\t\t\t\t<\/div>\n\t\t\t\t<div class=\"elementor-element elementor-element-ef892f0 elementor-widget elementor-widget-text-editor\" data-id=\"ef892f0\" data-element_type=\"widget\" data-e-type=\"widget\" data-widget_type=\"text-editor.default\">\n\t\t\t\t<div class=\"elementor-widget-container\">\n\t\t\t\t\t\t\t\t\t<p><span style=\"font-weight: 400;\">Ein unzuverl\u00e4ssigen Erz\u00e4hlen und ein tiefes Misstrauen in die Macht der Bilder: Das sind die Schl\u00fcsselmomente im Werk von Brian de Palma, einem Vision\u00e4r des internationalen Kinos. Visuell \u00fcberbordend und in seinen ber\u00fchmten Thrillern h\u00e4ufig angelehnt an gro\u00dfe Vorbilder wie Alfred Hitchcock oder auch Jules Dassin, schafft Brian de Palma Bilder, die unvergessen sind und erkennbaren Einfluss nehmen auf die Arbeiten anderer Kollegen wie Dario Argento oder Jaume Collet-Serra. Daneben ist er in seinen eher realistischen Filmen ein genauer Beobachter politischer Entwicklung, wie sein zum Kultfilm avancierter <em>SCARFACE<\/em><\/span><span style=\"font-weight: 400;\">\u00a0<\/span><span style=\"font-weight: 400;\">beweist, der zeitaktuell ebenso brisant ist wie zum Entstehungszeitpunkt.<\/span><\/p><p><span style=\"font-weight: 400;\">Im ersten deutschen filmanalytischen Buch \u00fcber Brian de Palma widmen sich zahleiche Autoren einem Werk, das \u00fcber die stilbildend\u00a0 reflexiven Triller wie <em>CARRIE<\/em><\/span><span style=\"font-weight: 400;\">, <\/span><em><span style=\"font-weight: 400;\">DRESSED TO KILL<\/span><\/em><span style=\"font-weight: 400;\"> oder <em>BODY DOUBLE<\/em><\/span><span style=\"font-weight: 400;\"> bis hin zu seinen Arbeiten im Mainstream wie <em>THE UNTOUCHABLES<\/em><\/span><span style=\"font-weight: 400;\"> oder <em>MISSION<\/em><\/span><em><span style=\"font-weight: 400;\"> IMPOSSIBLE<\/span><\/em><span style=\"font-weight: 400;\">\u00a0reicht.\u00a0<\/span><\/p><p><b>Mit Texten von:<\/b><span style=\"font-weight: 400;\"> Paul Hirsch, Eric Schwab, Prof. Dr. Marcus Stiglegger, Prof. Dr. Ivo Ritzer, Prof. Dr. Andreas Rauscher, Dr. Michael Flintrop, Dr. Johannes Pause, Heiko Nemitz, Stefan M. Preis, Dr. Nils Bothmann, Lars Johansen, Julian Stockinger, Dr. Lukas Foerster, Prof. Dr. Tonio Klein, Dr. Willem Strank, Nicolai B\u00fchnemann, Fabio K\u00fchnemuth, Dr. Peter Vignold und Dr. Yorck Beese.<\/span><\/p>\t\t\t\t\t\t\t\t<\/div>\n\t\t\t\t<\/div>\n\t\t\t\t\t<\/div>\n\t\t<\/div>\n\t\t\t\t\t<\/div>\n\t\t<\/section>\n\t\t\t\t<\/div>","protected":false},"excerpt":{"rendered":"<p>Brian de Palma Brian de Palma &#8211; Das Misstrauen der Bilder Release: April 2026 Ein unzuverl\u00e4ssigen Erz\u00e4hlen und ein tiefes Misstrauen in die Macht der Bilder: Das sind die Schl\u00fcsselmomente im Werk von Brian de Palma, einem Vision\u00e4r des internationalen Kinos. Visuell \u00fcberbordend und in seinen ber\u00fchmten Thrillern h\u00e4ufig angelehnt an gro\u00dfe Vorbilder wie Alfred [&hellip;]<\/p>\n","protected":false},"author":1,"featured_media":0,"parent":682,"menu_order":0,"comment_status":"closed","ping_status":"closed","template":"","meta":{"site-sidebar-layout":"no-sidebar","site-content-layout":"page-builder","ast-site-content-layout":"full-width-container","site-content-style":"default","site-sidebar-style":"default","ast-global-header-display":"","ast-banner-title-visibility":"","ast-main-header-display":"","ast-hfb-above-header-display":"","ast-hfb-below-header-display":"","ast-hfb-mobile-header-display":"","site-post-title":"disabled","ast-breadcrumbs-content":"","ast-featured-img":"disabled","footer-sml-layout":"","ast-disable-related-posts":"","theme-transparent-header-meta":"","adv-header-id-meta":"","stick-header-meta":"","header-above-stick-meta":"","header-main-stick-meta":"","header-below-stick-meta":"","astra-migrate-meta-layouts":"set","ast-page-background-enabled":"default","ast-page-background-meta":{"desktop":{"background-color":"","background-image":"","background-repeat":"repeat","background-position":"center center","background-size":"auto","background-attachment":"scroll","background-type":"","background-media":"","overlay-type":"","overlay-color":"","overlay-opacity":"","overlay-gradient":""},"tablet":{"background-color":"","background-image":"","background-repeat":"repeat","background-position":"center center","background-size":"auto","background-attachment":"scroll","background-type":"","background-media":"","overlay-type":"","overlay-color":"","overlay-opacity":"","overlay-gradient":""},"mobile":{"background-color":"","background-image":"","background-repeat":"repeat","background-position":"center center","background-size":"auto","background-attachment":"scroll","background-type":"","background-media":"","overlay-type":"","overlay-color":"","overlay-opacity":"","overlay-gradient":""}},"ast-content-background-meta":{"desktop":{"background-color":"var(--ast-global-color-5)","background-image":"","background-repeat":"repeat","background-position":"center center","background-size":"auto","background-attachment":"scroll","background-type":"","background-media":"","overlay-type":"","overlay-color":"","overlay-opacity":"","overlay-gradient":""},"tablet":{"background-color":"var(--ast-global-color-5)","background-image":"","background-repeat":"repeat","background-position":"center center","background-size":"auto","background-attachment":"scroll","background-type":"","background-media":"","overlay-type":"","overlay-color":"","overlay-opacity":"","overlay-gradient":""},"mobile":{"background-color":"var(--ast-global-color-5)","background-image":"","background-repeat":"repeat","background-position":"center center","background-size":"auto","background-attachment":"scroll","background-type":"","background-media":"","overlay-type":"","overlay-color":"","overlay-opacity":"","overlay-gradient":""}},"footnotes":""},"class_list":["post-1993","page","type-page","status-publish","hentry"],"yoast_head":"<!-- This site is optimized with the Yoast SEO plugin v26.9 - https:\/\/yoast.com\/product\/yoast-seo-wordpress\/ -->\n<title>Brian de Palma - Fenomena Filmproduction<\/title>\n<meta name=\"robots\" content=\"index, follow, max-snippet:-1, max-image-preview:large, max-video-preview:-1\" \/>\n<link rel=\"canonical\" href=\"https:\/\/fenomena-film-production.de\/de\/books\/brian-de-palma\/\" \/>\n<meta property=\"og:locale\" content=\"de_DE\" \/>\n<meta property=\"og:type\" content=\"article\" \/>\n<meta property=\"og:title\" content=\"Brian de Palma - Fenomena Filmproduction\" \/>\n<meta property=\"og:description\" content=\"Brian de Palma Brian de Palma &#8211; Das Misstrauen der Bilder Release: April 2026 Ein unzuverl\u00e4ssigen Erz\u00e4hlen und ein tiefes Misstrauen in die Macht der Bilder: Das sind die Schl\u00fcsselmomente im Werk von Brian de Palma, einem Vision\u00e4r des internationalen Kinos. Visuell \u00fcberbordend und in seinen ber\u00fchmten Thrillern h\u00e4ufig angelehnt an gro\u00dfe Vorbilder wie Alfred [&hellip;]\" \/>\n<meta property=\"og:url\" content=\"https:\/\/fenomena-film-production.de\/de\/books\/brian-de-palma\/\" \/>\n<meta property=\"og:site_name\" content=\"Fenomena Filmproduction\" \/>\n<meta property=\"article:publisher\" content=\"https:\/\/www.facebook.com\/profile.php?id=100063148034314\" \/>\n<meta property=\"article:modified_time\" content=\"2026-02-19T16:10:23+00:00\" \/>\n<meta property=\"og:image\" content=\"https:\/\/fenomena-film-production.de\/wp-content\/uploads\/2024\/07\/De-Palma.jpeg\" \/>\n\t<meta property=\"og:image:width\" content=\"625\" \/>\n\t<meta property=\"og:image:height\" content=\"888\" \/>\n\t<meta property=\"og:image:type\" content=\"image\/jpeg\" \/>\n<meta name=\"twitter:card\" content=\"summary_large_image\" \/>\n<meta name=\"twitter:label1\" content=\"Gesch\u00e4tzte Lesezeit\" \/>\n\t<meta name=\"twitter:data1\" content=\"2\u00a0Minuten\" \/>\n<script type=\"application\/ld+json\" class=\"yoast-schema-graph\">{\"@context\":\"https:\/\/schema.org\",\"@graph\":[{\"@type\":\"WebPage\",\"@id\":\"https:\/\/fenomena-film-production.de\/books\/brian-de-palma\/\",\"url\":\"https:\/\/fenomena-film-production.de\/books\/brian-de-palma\/\",\"name\":\"Brian de Palma - Fenomena Filmproduction\",\"isPartOf\":{\"@id\":\"https:\/\/fenomena-film-production.de\/#website\"},\"primaryImageOfPage\":{\"@id\":\"https:\/\/fenomena-film-production.de\/books\/brian-de-palma\/#primaryimage\"},\"image\":{\"@id\":\"https:\/\/fenomena-film-production.de\/books\/brian-de-palma\/#primaryimage\"},\"thumbnailUrl\":\"https:\/\/fenomena-film-production.de\/wp-content\/uploads\/2024\/07\/De-Palma.jpeg\",\"datePublished\":\"2024-07-17T08:51:22+00:00\",\"dateModified\":\"2026-02-19T16:10:23+00:00\",\"breadcrumb\":{\"@id\":\"https:\/\/fenomena-film-production.de\/books\/brian-de-palma\/#breadcrumb\"},\"inLanguage\":\"de\",\"potentialAction\":[{\"@type\":\"ReadAction\",\"target\":[\"https:\/\/fenomena-film-production.de\/books\/brian-de-palma\/\"]}]},{\"@type\":\"ImageObject\",\"inLanguage\":\"de\",\"@id\":\"https:\/\/fenomena-film-production.de\/books\/brian-de-palma\/#primaryimage\",\"url\":\"https:\/\/fenomena-film-production.de\/wp-content\/uploads\/2024\/07\/De-Palma.jpeg\",\"contentUrl\":\"https:\/\/fenomena-film-production.de\/wp-content\/uploads\/2024\/07\/De-Palma.jpeg\"},{\"@type\":\"BreadcrumbList\",\"@id\":\"https:\/\/fenomena-film-production.de\/books\/brian-de-palma\/#breadcrumb\",\"itemListElement\":[{\"@type\":\"ListItem\",\"position\":1,\"name\":\"Home\",\"item\":\"https:\/\/fenomena-film-production.de\/\"},{\"@type\":\"ListItem\",\"position\":2,\"name\":\"Books\",\"item\":\"https:\/\/fenomena-film-production.de\/books\/\"},{\"@type\":\"ListItem\",\"position\":3,\"name\":\"Brian de Palma\"}]},{\"@type\":\"WebSite\",\"@id\":\"https:\/\/fenomena-film-production.de\/#website\",\"url\":\"https:\/\/fenomena-film-production.de\/\",\"name\":\"Fenomena Filmproduction\",\"description\":\"\",\"publisher\":{\"@id\":\"https:\/\/fenomena-film-production.de\/#organization\"},\"potentialAction\":[{\"@type\":\"SearchAction\",\"target\":{\"@type\":\"EntryPoint\",\"urlTemplate\":\"https:\/\/fenomena-film-production.de\/?s={search_term_string}\"},\"query-input\":{\"@type\":\"PropertyValueSpecification\",\"valueRequired\":true,\"valueName\":\"search_term_string\"}}],\"inLanguage\":\"de\"},{\"@type\":\"Organization\",\"@id\":\"https:\/\/fenomena-film-production.de\/#organization\",\"name\":\"Fenomena Filmproduction\",\"url\":\"https:\/\/fenomena-film-production.de\/\",\"logo\":{\"@type\":\"ImageObject\",\"inLanguage\":\"de\",\"@id\":\"https:\/\/fenomena-film-production.de\/#\/schema\/logo\/image\/\",\"url\":\"https:\/\/fenomena-film-production.de\/wp-content\/uploads\/2023\/01\/Fenomena-Film-Production-Header-Logo.png\",\"contentUrl\":\"https:\/\/fenomena-film-production.de\/wp-content\/uploads\/2023\/01\/Fenomena-Film-Production-Header-Logo.png\",\"width\":450,\"height\":250,\"caption\":\"Fenomena Filmproduction\"},\"image\":{\"@id\":\"https:\/\/fenomena-film-production.de\/#\/schema\/logo\/image\/\"},\"sameAs\":[\"https:\/\/www.facebook.com\/profile.php?id=100063148034314\",\"https:\/\/www.instagram.com\/fenomena_film_produktion\/\"]}]}<\/script>\n<!-- \/ Yoast SEO plugin. -->","yoast_head_json":{"title":"Brian de Palma - Fenomena Filmproduction","robots":{"index":"index","follow":"follow","max-snippet":"max-snippet:-1","max-image-preview":"max-image-preview:large","max-video-preview":"max-video-preview:-1"},"canonical":"https:\/\/fenomena-film-production.de\/de\/books\/brian-de-palma\/","og_locale":"de_DE","og_type":"article","og_title":"Brian de Palma - Fenomena Filmproduction","og_description":"Brian de Palma Brian de Palma &#8211; Das Misstrauen der Bilder Release: April 2026 Ein unzuverl\u00e4ssigen Erz\u00e4hlen und ein tiefes Misstrauen in die Macht der Bilder: Das sind die Schl\u00fcsselmomente im Werk von Brian de Palma, einem Vision\u00e4r des internationalen Kinos. Visuell \u00fcberbordend und in seinen ber\u00fchmten Thrillern h\u00e4ufig angelehnt an gro\u00dfe Vorbilder wie Alfred [&hellip;]","og_url":"https:\/\/fenomena-film-production.de\/de\/books\/brian-de-palma\/","og_site_name":"Fenomena Filmproduction","article_publisher":"https:\/\/www.facebook.com\/profile.php?id=100063148034314","article_modified_time":"2026-02-19T16:10:23+00:00","og_image":[{"width":625,"height":888,"url":"https:\/\/fenomena-film-production.de\/wp-content\/uploads\/2024\/07\/De-Palma.jpeg","type":"image\/jpeg"}],"twitter_card":"summary_large_image","twitter_misc":{"Gesch\u00e4tzte Lesezeit":"2\u00a0Minuten"},"schema":{"@context":"https:\/\/schema.org","@graph":[{"@type":"WebPage","@id":"https:\/\/fenomena-film-production.de\/books\/brian-de-palma\/","url":"https:\/\/fenomena-film-production.de\/books\/brian-de-palma\/","name":"Brian de Palma - Fenomena Filmproduction","isPartOf":{"@id":"https:\/\/fenomena-film-production.de\/#website"},"primaryImageOfPage":{"@id":"https:\/\/fenomena-film-production.de\/books\/brian-de-palma\/#primaryimage"},"image":{"@id":"https:\/\/fenomena-film-production.de\/books\/brian-de-palma\/#primaryimage"},"thumbnailUrl":"https:\/\/fenomena-film-production.de\/wp-content\/uploads\/2024\/07\/De-Palma.jpeg","datePublished":"2024-07-17T08:51:22+00:00","dateModified":"2026-02-19T16:10:23+00:00","breadcrumb":{"@id":"https:\/\/fenomena-film-production.de\/books\/brian-de-palma\/#breadcrumb"},"inLanguage":"de","potentialAction":[{"@type":"ReadAction","target":["https:\/\/fenomena-film-production.de\/books\/brian-de-palma\/"]}]},{"@type":"ImageObject","inLanguage":"de","@id":"https:\/\/fenomena-film-production.de\/books\/brian-de-palma\/#primaryimage","url":"https:\/\/fenomena-film-production.de\/wp-content\/uploads\/2024\/07\/De-Palma.jpeg","contentUrl":"https:\/\/fenomena-film-production.de\/wp-content\/uploads\/2024\/07\/De-Palma.jpeg"},{"@type":"BreadcrumbList","@id":"https:\/\/fenomena-film-production.de\/books\/brian-de-palma\/#breadcrumb","itemListElement":[{"@type":"ListItem","position":1,"name":"Home","item":"https:\/\/fenomena-film-production.de\/"},{"@type":"ListItem","position":2,"name":"Books","item":"https:\/\/fenomena-film-production.de\/books\/"},{"@type":"ListItem","position":3,"name":"Brian de Palma"}]},{"@type":"WebSite","@id":"https:\/\/fenomena-film-production.de\/#website","url":"https:\/\/fenomena-film-production.de\/","name":"Fenomena Filmproduction","description":"","publisher":{"@id":"https:\/\/fenomena-film-production.de\/#organization"},"potentialAction":[{"@type":"SearchAction","target":{"@type":"EntryPoint","urlTemplate":"https:\/\/fenomena-film-production.de\/?s={search_term_string}"},"query-input":{"@type":"PropertyValueSpecification","valueRequired":true,"valueName":"search_term_string"}}],"inLanguage":"de"},{"@type":"Organization","@id":"https:\/\/fenomena-film-production.de\/#organization","name":"Fenomena Filmproduction","url":"https:\/\/fenomena-film-production.de\/","logo":{"@type":"ImageObject","inLanguage":"de","@id":"https:\/\/fenomena-film-production.de\/#\/schema\/logo\/image\/","url":"https:\/\/fenomena-film-production.de\/wp-content\/uploads\/2023\/01\/Fenomena-Film-Production-Header-Logo.png","contentUrl":"https:\/\/fenomena-film-production.de\/wp-content\/uploads\/2023\/01\/Fenomena-Film-Production-Header-Logo.png","width":450,"height":250,"caption":"Fenomena Filmproduction"},"image":{"@id":"https:\/\/fenomena-film-production.de\/#\/schema\/logo\/image\/"},"sameAs":["https:\/\/www.facebook.com\/profile.php?id=100063148034314","https:\/\/www.instagram.com\/fenomena_film_produktion\/"]}]}},"_links":{"self":[{"href":"https:\/\/fenomena-film-production.de\/de\/wp-json\/wp\/v2\/pages\/1993","targetHints":{"allow":["GET"]}}],"collection":[{"href":"https:\/\/fenomena-film-production.de\/de\/wp-json\/wp\/v2\/pages"}],"about":[{"href":"https:\/\/fenomena-film-production.de\/de\/wp-json\/wp\/v2\/types\/page"}],"author":[{"embeddable":true,"href":"https:\/\/fenomena-film-production.de\/de\/wp-json\/wp\/v2\/users\/1"}],"replies":[{"embeddable":true,"href":"https:\/\/fenomena-film-production.de\/de\/wp-json\/wp\/v2\/comments?post=1993"}],"version-history":[{"count":31,"href":"https:\/\/fenomena-film-production.de\/de\/wp-json\/wp\/v2\/pages\/1993\/revisions"}],"predecessor-version":[{"id":2520,"href":"https:\/\/fenomena-film-production.de\/de\/wp-json\/wp\/v2\/pages\/1993\/revisions\/2520"}],"up":[{"embeddable":true,"href":"https:\/\/fenomena-film-production.de\/de\/wp-json\/wp\/v2\/pages\/682"}],"wp:attachment":[{"href":"https:\/\/fenomena-film-production.de\/de\/wp-json\/wp\/v2\/media?parent=1993"}],"curies":[{"name":"wp","href":"https:\/\/api.w.org\/{rel}","templated":true}]}}