{"id":1991,"date":"2024-07-17T08:52:16","date_gmt":"2024-07-17T08:52:16","guid":{"rendered":"https:\/\/fenomena-film-production.de\/?page_id=1991"},"modified":"2026-02-19T20:26:50","modified_gmt":"2026-02-19T20:26:50","slug":"john-landis-horror-und-ironie","status":"publish","type":"page","link":"https:\/\/fenomena-film-production.de\/de\/books\/john-landis-horror-und-ironie\/","title":{"rendered":"John Landis \u2013 Horror und Ironie"},"content":{"rendered":"<div data-elementor-type=\"wp-page\" data-elementor-id=\"1991\" class=\"elementor elementor-1991\">\n\t\t\t\t\t\t<section class=\"elementor-section elementor-top-section elementor-element elementor-element-0314915 elementor-section-boxed elementor-section-height-default elementor-section-height-default\" data-id=\"0314915\" data-element_type=\"section\" data-e-type=\"section\" data-settings=\"{&quot;background_background&quot;:&quot;classic&quot;}\">\n\t\t\t\t\t\t\t<div class=\"elementor-background-overlay\"><\/div>\n\t\t\t\t\t\t\t<div class=\"elementor-container elementor-column-gap-no\">\n\t\t\t\t\t<div class=\"elementor-column elementor-col-100 elementor-top-column elementor-element elementor-element-ced16b1\" data-id=\"ced16b1\" data-element_type=\"column\" data-e-type=\"column\">\n\t\t\t<div class=\"elementor-widget-wrap elementor-element-populated\">\n\t\t\t\t\t\t<div class=\"elementor-element elementor-element-a0a40f1 elementor-widget elementor-widget-heading\" data-id=\"a0a40f1\" data-element_type=\"widget\" data-e-type=\"widget\" data-widget_type=\"heading.default\">\n\t\t\t\t<div class=\"elementor-widget-container\">\n\t\t\t\t\t<h1 class=\"elementor-heading-title elementor-size-default\">John Landis \u2013 Horror und Ironie<\/h1>\t\t\t\t<\/div>\n\t\t\t\t<\/div>\n\t\t\t\t<div class=\"elementor-element elementor-element-ff4d901 elementor-widget-divider--view-line elementor-widget elementor-widget-divider\" data-id=\"ff4d901\" data-element_type=\"widget\" data-e-type=\"widget\" data-widget_type=\"divider.default\">\n\t\t\t\t<div class=\"elementor-widget-container\">\n\t\t\t\t\t\t\t<div class=\"elementor-divider\">\n\t\t\t<span class=\"elementor-divider-separator\">\n\t\t\t\t\t\t<\/span>\n\t\t<\/div>\n\t\t\t\t\t\t<\/div>\n\t\t\t\t<\/div>\n\t\t\t\t\t<\/div>\n\t\t<\/div>\n\t\t\t\t\t<\/div>\n\t\t<\/section>\n\t\t\t\t<section class=\"elementor-section elementor-top-section elementor-element elementor-element-21806a3 elementor-section-content-middle elementor-section-boxed elementor-section-height-default elementor-section-height-default\" data-id=\"21806a3\" data-element_type=\"section\" data-e-type=\"section\" data-settings=\"{&quot;background_background&quot;:&quot;classic&quot;}\">\n\t\t\t\t\t\t\t<div class=\"elementor-background-overlay\"><\/div>\n\t\t\t\t\t\t\t<div class=\"elementor-container elementor-column-gap-no\">\n\t\t\t\t\t<div class=\"elementor-column elementor-col-50 elementor-top-column elementor-element elementor-element-68acb71\" data-id=\"68acb71\" data-element_type=\"column\" data-e-type=\"column\">\n\t\t\t<div class=\"elementor-widget-wrap elementor-element-populated\">\n\t\t\t\t\t\t<div class=\"elementor-element elementor-element-6c3bc95 elementor-widget elementor-widget-image\" data-id=\"6c3bc95\" data-element_type=\"widget\" data-e-type=\"widget\" data-widget_type=\"image.default\">\n\t\t\t\t<div class=\"elementor-widget-container\">\n\t\t\t\t\t\t\t\t\t\t\t\t\t\t\t<img fetchpriority=\"high\" decoding=\"async\" width=\"1127\" height=\"1600\" src=\"https:\/\/fenomena-film-production.de\/wp-content\/uploads\/2026\/02\/John-Landis-Cover-Neu-02.26.jpeg\" class=\"attachment-full size-full wp-image-2495\" alt=\"\" srcset=\"https:\/\/fenomena-film-production.de\/wp-content\/uploads\/2026\/02\/John-Landis-Cover-Neu-02.26.jpeg 1127w, https:\/\/fenomena-film-production.de\/wp-content\/uploads\/2026\/02\/John-Landis-Cover-Neu-02.26-211x300.jpeg 211w, https:\/\/fenomena-film-production.de\/wp-content\/uploads\/2026\/02\/John-Landis-Cover-Neu-02.26-721x1024.jpeg 721w, https:\/\/fenomena-film-production.de\/wp-content\/uploads\/2026\/02\/John-Landis-Cover-Neu-02.26-768x1090.jpeg 768w, https:\/\/fenomena-film-production.de\/wp-content\/uploads\/2026\/02\/John-Landis-Cover-Neu-02.26-1082x1536.jpeg 1082w, https:\/\/fenomena-film-production.de\/wp-content\/uploads\/2026\/02\/John-Landis-Cover-Neu-02.26-8x12.jpeg 8w\" sizes=\"(max-width: 1127px) 100vw, 1127px\" \/>\t\t\t\t\t\t\t\t\t\t\t\t\t\t\t<\/div>\n\t\t\t\t<\/div>\n\t\t\t\t\t<\/div>\n\t\t<\/div>\n\t\t\t\t<div class=\"elementor-column elementor-col-50 elementor-top-column elementor-element elementor-element-6fbbe6a\" data-id=\"6fbbe6a\" data-element_type=\"column\" data-e-type=\"column\">\n\t\t\t<div class=\"elementor-widget-wrap elementor-element-populated\">\n\t\t\t\t\t\t<div class=\"elementor-element elementor-element-763a867 elementor-widget elementor-widget-heading\" data-id=\"763a867\" data-element_type=\"widget\" data-e-type=\"widget\" data-widget_type=\"heading.default\">\n\t\t\t\t<div class=\"elementor-widget-container\">\n\t\t\t\t\t<h2 class=\"elementor-heading-title elementor-size-default\">John Landis \u2013 Horror und Ironie<\/h2>\t\t\t\t<\/div>\n\t\t\t\t<\/div>\n\t\t\t\t<div class=\"elementor-element elementor-element-ddbe706 elementor-widget elementor-widget-text-editor\" data-id=\"ddbe706\" data-element_type=\"widget\" data-e-type=\"widget\" data-widget_type=\"text-editor.default\">\n\t\t\t\t<div class=\"elementor-widget-container\">\n\t\t\t\t\t\t\t\t\t<p><span style=\"color: #000000;\"><strong>Release: Januar 2026<\/strong><\/span><\/p>\t\t\t\t\t\t\t\t<\/div>\n\t\t\t\t<\/div>\n\t\t\t\t<div class=\"elementor-element elementor-element-5dc6aae elementor-widget elementor-widget-text-editor\" data-id=\"5dc6aae\" data-element_type=\"widget\" data-e-type=\"widget\" data-widget_type=\"text-editor.default\">\n\t\t\t\t<div class=\"elementor-widget-container\">\n\t\t\t\t\t\t\t\t\t<p><span style=\"font-weight: 400;\">Kom\u00f6die \u2013 Horror \u2013 Zynismus: Zwischen diesen drei Polen changiert das Kino von John Landis, das unvermittelt von heiterem Gel\u00e4chter in blankes Entsetzen umschlagen kann. Es ist der Blick eines filmverr\u00fcckten Enthusiasten, der seine Filme strukturiert, h\u00e4ufig angereichert mit Cameos seiner Kollegen, die liebevoll die Geschichten um eine tiefere Ebene bereichern. Insbesondere mit seinen gro\u00dfen Filmen der achtziger Jahre des vorigen Jahrhunderts, die h\u00e4ufig mit einem filmgeschichtlich versierten Blick kein wirklich freundliches Bild auf Amerika erkennen lassen, hat Landis sich in das kollektive Ged\u00e4chtnis eingeschrieben.\u00a0<\/span><\/p><p><span style=\"font-weight: 400;\">Im weltweit ersten filmanalytischen Buch \u00fcber John Landis widmen sich zahlreiche Autoren einem filmischen Werk, das vom kom\u00f6diantischen\u00a0 Beginn mit\u00a0 <\/span><span style=\"font-weight: 400;\">schlock!<\/span><span style=\"font-weight: 400;\"> \u00fcber seine Megahits wie <em>BLUES BROTHERS<\/em><\/span><span style=\"font-weight: 400;\">\u00a0oder <\/span><em><span style=\"font-weight: 400;\">AMERICAN WEREWOLF<\/span><\/em><span style=\"font-weight: 400;\"> bis zu seinen sp\u00e4teren TV-Arbeiten zur Horror-Anthologie <\/span><em><span style=\"font-weight: 400;\">MASTERS OF HORROR<\/span><\/em><span style=\"font-weight: 400;\">\u00a0reicht.\u00a0\u00a0<\/span><\/p><p><b>Mit Texten von:<\/b><span style=\"font-weight: 400;\"> Sidney Schwartz, Prof. Dr. Ivo Ritzer, Dr. Michael Flintrop, Dr. Lars R. Krautschick, Dr. Nils Bothmann, Prof. Dr. Irina Gradinari, Dr. Peter Vignold, Heiko Nemitz, Stefan M. Preis, Dr. Wieland Schwanebeck, Prof. Dr. Andreas Rauscher, Dr. Andreas Jacke, Nicolai B\u00fchnemann, Dr. Willem Strank, Dr. Michael Fleig, Dr. Peter Scheinpflug und Dr. Yorck Beese.<\/span><\/p>\t\t\t\t\t\t\t\t<\/div>\n\t\t\t\t<\/div>\n\t\t\t\t<div class=\"elementor-element elementor-element-b773676 elementor-widget elementor-widget-video\" data-id=\"b773676\" data-element_type=\"widget\" data-e-type=\"widget\" data-settings=\"{&quot;video_type&quot;:&quot;hosted&quot;,&quot;controls&quot;:&quot;yes&quot;}\" data-widget_type=\"video.default\">\n\t\t\t\t<div class=\"elementor-widget-container\">\n\t\t\t\t\t\t\t<div class=\"e-hosted-video elementor-wrapper elementor-open-inline\">\n\t\t\t\t\t<video class=\"elementor-video\" src=\"https:\/\/fenomena-film-production.de\/wp-content\/uploads\/2024\/07\/Sidney-Schwartz-2.mp4\" controls=\"\" preload=\"metadata\" controlslist=\"nodownload\"><\/video>\n\t\t\t\t<\/div>\n\t\t\t\t\t\t<\/div>\n\t\t\t\t<\/div>\n\t\t\t\t\t<\/div>\n\t\t<\/div>\n\t\t\t\t\t<\/div>\n\t\t<\/section>\n\t\t\t\t<\/div>","protected":false},"excerpt":{"rendered":"<p>John Landis \u2013 Horror und Ironie John Landis \u2013 Horror und Ironie Release: Januar 2026 Kom\u00f6die \u2013 Horror \u2013 Zynismus: Zwischen diesen drei Polen changiert das Kino von John Landis, das unvermittelt von heiterem Gel\u00e4chter in blankes Entsetzen umschlagen kann. Es ist der Blick eines filmverr\u00fcckten Enthusiasten, der seine Filme strukturiert, h\u00e4ufig angereichert mit Cameos [&hellip;]<\/p>\n","protected":false},"author":1,"featured_media":0,"parent":682,"menu_order":0,"comment_status":"closed","ping_status":"closed","template":"","meta":{"site-sidebar-layout":"no-sidebar","site-content-layout":"page-builder","ast-site-content-layout":"full-width-container","site-content-style":"default","site-sidebar-style":"default","ast-global-header-display":"","ast-banner-title-visibility":"","ast-main-header-display":"","ast-hfb-above-header-display":"","ast-hfb-below-header-display":"","ast-hfb-mobile-header-display":"","site-post-title":"disabled","ast-breadcrumbs-content":"","ast-featured-img":"disabled","footer-sml-layout":"","ast-disable-related-posts":"","theme-transparent-header-meta":"","adv-header-id-meta":"","stick-header-meta":"","header-above-stick-meta":"","header-main-stick-meta":"","header-below-stick-meta":"","astra-migrate-meta-layouts":"set","ast-page-background-enabled":"default","ast-page-background-meta":{"desktop":{"background-color":"","background-image":"","background-repeat":"repeat","background-position":"center center","background-size":"auto","background-attachment":"scroll","background-type":"","background-media":"","overlay-type":"","overlay-color":"","overlay-opacity":"","overlay-gradient":""},"tablet":{"background-color":"","background-image":"","background-repeat":"repeat","background-position":"center center","background-size":"auto","background-attachment":"scroll","background-type":"","background-media":"","overlay-type":"","overlay-color":"","overlay-opacity":"","overlay-gradient":""},"mobile":{"background-color":"","background-image":"","background-repeat":"repeat","background-position":"center center","background-size":"auto","background-attachment":"scroll","background-type":"","background-media":"","overlay-type":"","overlay-color":"","overlay-opacity":"","overlay-gradient":""}},"ast-content-background-meta":{"desktop":{"background-color":"var(--ast-global-color-5)","background-image":"","background-repeat":"repeat","background-position":"center center","background-size":"auto","background-attachment":"scroll","background-type":"","background-media":"","overlay-type":"","overlay-color":"","overlay-opacity":"","overlay-gradient":""},"tablet":{"background-color":"var(--ast-global-color-5)","background-image":"","background-repeat":"repeat","background-position":"center center","background-size":"auto","background-attachment":"scroll","background-type":"","background-media":"","overlay-type":"","overlay-color":"","overlay-opacity":"","overlay-gradient":""},"mobile":{"background-color":"var(--ast-global-color-5)","background-image":"","background-repeat":"repeat","background-position":"center center","background-size":"auto","background-attachment":"scroll","background-type":"","background-media":"","overlay-type":"","overlay-color":"","overlay-opacity":"","overlay-gradient":""}},"footnotes":""},"class_list":["post-1991","page","type-page","status-publish","hentry"],"yoast_head":"<!-- This site is optimized with the Yoast SEO plugin v26.9 - https:\/\/yoast.com\/product\/yoast-seo-wordpress\/ -->\n<title>John Landis \u2013 Horror und Ironie - Fenomena Filmproduction<\/title>\n<meta name=\"robots\" content=\"index, follow, max-snippet:-1, max-image-preview:large, max-video-preview:-1\" \/>\n<link rel=\"canonical\" href=\"https:\/\/fenomena-film-production.de\/de\/books\/john-landis-horror-und-ironie\/\" \/>\n<meta property=\"og:locale\" content=\"de_DE\" \/>\n<meta property=\"og:type\" content=\"article\" \/>\n<meta property=\"og:title\" content=\"John Landis \u2013 Horror und Ironie - Fenomena Filmproduction\" \/>\n<meta property=\"og:description\" content=\"John Landis \u2013 Horror und Ironie John Landis \u2013 Horror und Ironie Release: Januar 2026 Kom\u00f6die \u2013 Horror \u2013 Zynismus: Zwischen diesen drei Polen changiert das Kino von John Landis, das unvermittelt von heiterem Gel\u00e4chter in blankes Entsetzen umschlagen kann. Es ist der Blick eines filmverr\u00fcckten Enthusiasten, der seine Filme strukturiert, h\u00e4ufig angereichert mit Cameos [&hellip;]\" \/>\n<meta property=\"og:url\" content=\"https:\/\/fenomena-film-production.de\/de\/books\/john-landis-horror-und-ironie\/\" \/>\n<meta property=\"og:site_name\" content=\"Fenomena Filmproduction\" \/>\n<meta property=\"article:publisher\" content=\"https:\/\/www.facebook.com\/profile.php?id=100063148034314\" \/>\n<meta property=\"article:modified_time\" content=\"2026-02-19T20:26:50+00:00\" \/>\n<meta property=\"og:image\" content=\"https:\/\/fenomena-film-production.de\/wp-content\/uploads\/2026\/02\/John-Landis-Cover-Neu-02.26.jpeg\" \/>\n\t<meta property=\"og:image:width\" content=\"1127\" \/>\n\t<meta property=\"og:image:height\" content=\"1600\" \/>\n\t<meta property=\"og:image:type\" content=\"image\/jpeg\" \/>\n<meta name=\"twitter:card\" content=\"summary_large_image\" \/>\n<meta name=\"twitter:label1\" content=\"Gesch\u00e4tzte Lesezeit\" \/>\n\t<meta name=\"twitter:data1\" content=\"2\u00a0Minuten\" \/>\n<script type=\"application\/ld+json\" class=\"yoast-schema-graph\">{\"@context\":\"https:\/\/schema.org\",\"@graph\":[{\"@type\":\"WebPage\",\"@id\":\"https:\/\/fenomena-film-production.de\/books\/john-landis-horror-und-ironie\/\",\"url\":\"https:\/\/fenomena-film-production.de\/books\/john-landis-horror-und-ironie\/\",\"name\":\"John Landis \u2013 Horror und Ironie - Fenomena Filmproduction\",\"isPartOf\":{\"@id\":\"https:\/\/fenomena-film-production.de\/#website\"},\"primaryImageOfPage\":{\"@id\":\"https:\/\/fenomena-film-production.de\/books\/john-landis-horror-und-ironie\/#primaryimage\"},\"image\":{\"@id\":\"https:\/\/fenomena-film-production.de\/books\/john-landis-horror-und-ironie\/#primaryimage\"},\"thumbnailUrl\":\"https:\/\/fenomena-film-production.de\/wp-content\/uploads\/2026\/02\/John-Landis-Cover-Neu-02.26.jpeg\",\"datePublished\":\"2024-07-17T08:52:16+00:00\",\"dateModified\":\"2026-02-19T20:26:50+00:00\",\"breadcrumb\":{\"@id\":\"https:\/\/fenomena-film-production.de\/books\/john-landis-horror-und-ironie\/#breadcrumb\"},\"inLanguage\":\"de\",\"potentialAction\":[{\"@type\":\"ReadAction\",\"target\":[\"https:\/\/fenomena-film-production.de\/books\/john-landis-horror-und-ironie\/\"]}]},{\"@type\":\"ImageObject\",\"inLanguage\":\"de\",\"@id\":\"https:\/\/fenomena-film-production.de\/books\/john-landis-horror-und-ironie\/#primaryimage\",\"url\":\"https:\/\/fenomena-film-production.de\/wp-content\/uploads\/2026\/02\/John-Landis-Cover-Neu-02.26.jpeg\",\"contentUrl\":\"https:\/\/fenomena-film-production.de\/wp-content\/uploads\/2026\/02\/John-Landis-Cover-Neu-02.26.jpeg\"},{\"@type\":\"BreadcrumbList\",\"@id\":\"https:\/\/fenomena-film-production.de\/books\/john-landis-horror-und-ironie\/#breadcrumb\",\"itemListElement\":[{\"@type\":\"ListItem\",\"position\":1,\"name\":\"Home\",\"item\":\"https:\/\/fenomena-film-production.de\/\"},{\"@type\":\"ListItem\",\"position\":2,\"name\":\"Books\",\"item\":\"https:\/\/fenomena-film-production.de\/books\/\"},{\"@type\":\"ListItem\",\"position\":3,\"name\":\"John Landis \u2013 Horror und Ironie\"}]},{\"@type\":\"WebSite\",\"@id\":\"https:\/\/fenomena-film-production.de\/#website\",\"url\":\"https:\/\/fenomena-film-production.de\/\",\"name\":\"Fenomena Filmproduction\",\"description\":\"\",\"publisher\":{\"@id\":\"https:\/\/fenomena-film-production.de\/#organization\"},\"potentialAction\":[{\"@type\":\"SearchAction\",\"target\":{\"@type\":\"EntryPoint\",\"urlTemplate\":\"https:\/\/fenomena-film-production.de\/?s={search_term_string}\"},\"query-input\":{\"@type\":\"PropertyValueSpecification\",\"valueRequired\":true,\"valueName\":\"search_term_string\"}}],\"inLanguage\":\"de\"},{\"@type\":\"Organization\",\"@id\":\"https:\/\/fenomena-film-production.de\/#organization\",\"name\":\"Fenomena Filmproduction\",\"url\":\"https:\/\/fenomena-film-production.de\/\",\"logo\":{\"@type\":\"ImageObject\",\"inLanguage\":\"de\",\"@id\":\"https:\/\/fenomena-film-production.de\/#\/schema\/logo\/image\/\",\"url\":\"https:\/\/fenomena-film-production.de\/wp-content\/uploads\/2023\/01\/Fenomena-Film-Production-Header-Logo.png\",\"contentUrl\":\"https:\/\/fenomena-film-production.de\/wp-content\/uploads\/2023\/01\/Fenomena-Film-Production-Header-Logo.png\",\"width\":450,\"height\":250,\"caption\":\"Fenomena Filmproduction\"},\"image\":{\"@id\":\"https:\/\/fenomena-film-production.de\/#\/schema\/logo\/image\/\"},\"sameAs\":[\"https:\/\/www.facebook.com\/profile.php?id=100063148034314\",\"https:\/\/www.instagram.com\/fenomena_film_produktion\/\"]}]}<\/script>\n<!-- \/ Yoast SEO plugin. -->","yoast_head_json":{"title":"John Landis \u2013 Horror und Ironie - Fenomena Filmproduction","robots":{"index":"index","follow":"follow","max-snippet":"max-snippet:-1","max-image-preview":"max-image-preview:large","max-video-preview":"max-video-preview:-1"},"canonical":"https:\/\/fenomena-film-production.de\/de\/books\/john-landis-horror-und-ironie\/","og_locale":"de_DE","og_type":"article","og_title":"John Landis \u2013 Horror und Ironie - Fenomena Filmproduction","og_description":"John Landis \u2013 Horror und Ironie John Landis \u2013 Horror und Ironie Release: Januar 2026 Kom\u00f6die \u2013 Horror \u2013 Zynismus: Zwischen diesen drei Polen changiert das Kino von John Landis, das unvermittelt von heiterem Gel\u00e4chter in blankes Entsetzen umschlagen kann. Es ist der Blick eines filmverr\u00fcckten Enthusiasten, der seine Filme strukturiert, h\u00e4ufig angereichert mit Cameos [&hellip;]","og_url":"https:\/\/fenomena-film-production.de\/de\/books\/john-landis-horror-und-ironie\/","og_site_name":"Fenomena Filmproduction","article_publisher":"https:\/\/www.facebook.com\/profile.php?id=100063148034314","article_modified_time":"2026-02-19T20:26:50+00:00","og_image":[{"width":1127,"height":1600,"url":"https:\/\/fenomena-film-production.de\/wp-content\/uploads\/2026\/02\/John-Landis-Cover-Neu-02.26.jpeg","type":"image\/jpeg"}],"twitter_card":"summary_large_image","twitter_misc":{"Gesch\u00e4tzte Lesezeit":"2\u00a0Minuten"},"schema":{"@context":"https:\/\/schema.org","@graph":[{"@type":"WebPage","@id":"https:\/\/fenomena-film-production.de\/books\/john-landis-horror-und-ironie\/","url":"https:\/\/fenomena-film-production.de\/books\/john-landis-horror-und-ironie\/","name":"John Landis \u2013 Horror und Ironie - Fenomena Filmproduction","isPartOf":{"@id":"https:\/\/fenomena-film-production.de\/#website"},"primaryImageOfPage":{"@id":"https:\/\/fenomena-film-production.de\/books\/john-landis-horror-und-ironie\/#primaryimage"},"image":{"@id":"https:\/\/fenomena-film-production.de\/books\/john-landis-horror-und-ironie\/#primaryimage"},"thumbnailUrl":"https:\/\/fenomena-film-production.de\/wp-content\/uploads\/2026\/02\/John-Landis-Cover-Neu-02.26.jpeg","datePublished":"2024-07-17T08:52:16+00:00","dateModified":"2026-02-19T20:26:50+00:00","breadcrumb":{"@id":"https:\/\/fenomena-film-production.de\/books\/john-landis-horror-und-ironie\/#breadcrumb"},"inLanguage":"de","potentialAction":[{"@type":"ReadAction","target":["https:\/\/fenomena-film-production.de\/books\/john-landis-horror-und-ironie\/"]}]},{"@type":"ImageObject","inLanguage":"de","@id":"https:\/\/fenomena-film-production.de\/books\/john-landis-horror-und-ironie\/#primaryimage","url":"https:\/\/fenomena-film-production.de\/wp-content\/uploads\/2026\/02\/John-Landis-Cover-Neu-02.26.jpeg","contentUrl":"https:\/\/fenomena-film-production.de\/wp-content\/uploads\/2026\/02\/John-Landis-Cover-Neu-02.26.jpeg"},{"@type":"BreadcrumbList","@id":"https:\/\/fenomena-film-production.de\/books\/john-landis-horror-und-ironie\/#breadcrumb","itemListElement":[{"@type":"ListItem","position":1,"name":"Home","item":"https:\/\/fenomena-film-production.de\/"},{"@type":"ListItem","position":2,"name":"Books","item":"https:\/\/fenomena-film-production.de\/books\/"},{"@type":"ListItem","position":3,"name":"John Landis \u2013 Horror und Ironie"}]},{"@type":"WebSite","@id":"https:\/\/fenomena-film-production.de\/#website","url":"https:\/\/fenomena-film-production.de\/","name":"Fenomena Filmproduction","description":"","publisher":{"@id":"https:\/\/fenomena-film-production.de\/#organization"},"potentialAction":[{"@type":"SearchAction","target":{"@type":"EntryPoint","urlTemplate":"https:\/\/fenomena-film-production.de\/?s={search_term_string}"},"query-input":{"@type":"PropertyValueSpecification","valueRequired":true,"valueName":"search_term_string"}}],"inLanguage":"de"},{"@type":"Organization","@id":"https:\/\/fenomena-film-production.de\/#organization","name":"Fenomena Filmproduction","url":"https:\/\/fenomena-film-production.de\/","logo":{"@type":"ImageObject","inLanguage":"de","@id":"https:\/\/fenomena-film-production.de\/#\/schema\/logo\/image\/","url":"https:\/\/fenomena-film-production.de\/wp-content\/uploads\/2023\/01\/Fenomena-Film-Production-Header-Logo.png","contentUrl":"https:\/\/fenomena-film-production.de\/wp-content\/uploads\/2023\/01\/Fenomena-Film-Production-Header-Logo.png","width":450,"height":250,"caption":"Fenomena Filmproduction"},"image":{"@id":"https:\/\/fenomena-film-production.de\/#\/schema\/logo\/image\/"},"sameAs":["https:\/\/www.facebook.com\/profile.php?id=100063148034314","https:\/\/www.instagram.com\/fenomena_film_produktion\/"]}]}},"_links":{"self":[{"href":"https:\/\/fenomena-film-production.de\/de\/wp-json\/wp\/v2\/pages\/1991","targetHints":{"allow":["GET"]}}],"collection":[{"href":"https:\/\/fenomena-film-production.de\/de\/wp-json\/wp\/v2\/pages"}],"about":[{"href":"https:\/\/fenomena-film-production.de\/de\/wp-json\/wp\/v2\/types\/page"}],"author":[{"embeddable":true,"href":"https:\/\/fenomena-film-production.de\/de\/wp-json\/wp\/v2\/users\/1"}],"replies":[{"embeddable":true,"href":"https:\/\/fenomena-film-production.de\/de\/wp-json\/wp\/v2\/comments?post=1991"}],"version-history":[{"count":77,"href":"https:\/\/fenomena-film-production.de\/de\/wp-json\/wp\/v2\/pages\/1991\/revisions"}],"predecessor-version":[{"id":2557,"href":"https:\/\/fenomena-film-production.de\/de\/wp-json\/wp\/v2\/pages\/1991\/revisions\/2557"}],"up":[{"embeddable":true,"href":"https:\/\/fenomena-film-production.de\/de\/wp-json\/wp\/v2\/pages\/682"}],"wp:attachment":[{"href":"https:\/\/fenomena-film-production.de\/de\/wp-json\/wp\/v2\/media?parent=1991"}],"curies":[{"name":"wp","href":"https:\/\/api.w.org\/{rel}","templated":true}]}}