{"id":1988,"date":"2024-07-17T08:52:55","date_gmt":"2024-07-17T08:52:55","guid":{"rendered":"https:\/\/fenomena-film-production.de\/?page_id=1988"},"modified":"2025-06-27T20:35:09","modified_gmt":"2025-06-27T20:35:09","slug":"rinaldo-talamonti","status":"publish","type":"page","link":"https:\/\/fenomena-film-production.de\/de\/books\/rinaldo-talamonti\/","title":{"rendered":"Rinaldo Talamonti"},"content":{"rendered":"<div data-elementor-type=\"wp-page\" data-elementor-id=\"1988\" class=\"elementor elementor-1988\">\n\t\t\t\t\t\t<section class=\"elementor-section elementor-top-section elementor-element elementor-element-6c99ff1 elementor-section-boxed elementor-section-height-default elementor-section-height-default\" data-id=\"6c99ff1\" data-element_type=\"section\" data-e-type=\"section\" data-settings=\"{&quot;background_background&quot;:&quot;classic&quot;}\">\n\t\t\t\t\t\t\t<div class=\"elementor-background-overlay\"><\/div>\n\t\t\t\t\t\t\t<div class=\"elementor-container elementor-column-gap-no\">\n\t\t\t\t\t<div class=\"elementor-column elementor-col-100 elementor-top-column elementor-element elementor-element-9b612e1\" data-id=\"9b612e1\" data-element_type=\"column\" data-e-type=\"column\">\n\t\t\t<div class=\"elementor-widget-wrap elementor-element-populated\">\n\t\t\t\t\t\t<div class=\"elementor-element elementor-element-d8d74a6 elementor-widget elementor-widget-heading\" data-id=\"d8d74a6\" data-element_type=\"widget\" data-e-type=\"widget\" data-widget_type=\"heading.default\">\n\t\t\t\t<div class=\"elementor-widget-container\">\n\t\t\t\t\t<h1 class=\"elementor-heading-title elementor-size-default\">Rinaldo Talamonti<\/h1>\t\t\t\t<\/div>\n\t\t\t\t<\/div>\n\t\t\t\t<div class=\"elementor-element elementor-element-e60eb03 elementor-widget-divider--view-line elementor-widget elementor-widget-divider\" data-id=\"e60eb03\" data-element_type=\"widget\" data-e-type=\"widget\" data-widget_type=\"divider.default\">\n\t\t\t\t<div class=\"elementor-widget-container\">\n\t\t\t\t\t\t\t<div class=\"elementor-divider\">\n\t\t\t<span class=\"elementor-divider-separator\">\n\t\t\t\t\t\t<\/span>\n\t\t<\/div>\n\t\t\t\t\t\t<\/div>\n\t\t\t\t<\/div>\n\t\t\t\t\t<\/div>\n\t\t<\/div>\n\t\t\t\t\t<\/div>\n\t\t<\/section>\n\t\t\t\t<section class=\"elementor-section elementor-top-section elementor-element elementor-element-b396299 elementor-section-content-middle elementor-section-boxed elementor-section-height-default elementor-section-height-default\" data-id=\"b396299\" data-element_type=\"section\" data-e-type=\"section\" data-settings=\"{&quot;background_background&quot;:&quot;classic&quot;}\">\n\t\t\t\t\t\t\t<div class=\"elementor-background-overlay\"><\/div>\n\t\t\t\t\t\t\t<div class=\"elementor-container elementor-column-gap-no\">\n\t\t\t\t\t<div class=\"elementor-column elementor-col-50 elementor-top-column elementor-element elementor-element-873aeb5\" data-id=\"873aeb5\" data-element_type=\"column\" data-e-type=\"column\">\n\t\t\t<div class=\"elementor-widget-wrap elementor-element-populated\">\n\t\t\t\t\t\t<div class=\"elementor-element elementor-element-a3ca0a5 elementor-widget elementor-widget-image\" data-id=\"a3ca0a5\" data-element_type=\"widget\" data-e-type=\"widget\" data-widget_type=\"image.default\">\n\t\t\t\t<div class=\"elementor-widget-container\">\n\t\t\t\t\t\t\t\t\t\t\t\t\t\t\t<img fetchpriority=\"high\" decoding=\"async\" width=\"1128\" height=\"1600\" src=\"https:\/\/fenomena-film-production.de\/wp-content\/uploads\/2024\/07\/Talamonti.jpeg\" class=\"attachment-full size-full wp-image-1946\" alt=\"\" srcset=\"https:\/\/fenomena-film-production.de\/wp-content\/uploads\/2024\/07\/Talamonti.jpeg 1128w, https:\/\/fenomena-film-production.de\/wp-content\/uploads\/2024\/07\/Talamonti-212x300.jpeg 212w, https:\/\/fenomena-film-production.de\/wp-content\/uploads\/2024\/07\/Talamonti-722x1024.jpeg 722w, https:\/\/fenomena-film-production.de\/wp-content\/uploads\/2024\/07\/Talamonti-768x1089.jpeg 768w, https:\/\/fenomena-film-production.de\/wp-content\/uploads\/2024\/07\/Talamonti-1083x1536.jpeg 1083w, https:\/\/fenomena-film-production.de\/wp-content\/uploads\/2024\/07\/Talamonti-8x12.jpeg 8w\" sizes=\"(max-width: 1128px) 100vw, 1128px\" \/>\t\t\t\t\t\t\t\t\t\t\t\t\t\t\t<\/div>\n\t\t\t\t<\/div>\n\t\t\t\t\t<\/div>\n\t\t<\/div>\n\t\t\t\t<div class=\"elementor-column elementor-col-50 elementor-top-column elementor-element elementor-element-b0cd664\" data-id=\"b0cd664\" data-element_type=\"column\" data-e-type=\"column\">\n\t\t\t<div class=\"elementor-widget-wrap elementor-element-populated\">\n\t\t\t\t\t\t<div class=\"elementor-element elementor-element-27896d4 elementor-widget elementor-widget-heading\" data-id=\"27896d4\" data-element_type=\"widget\" data-e-type=\"widget\" data-widget_type=\"heading.default\">\n\t\t\t\t<div class=\"elementor-widget-container\">\n\t\t\t\t\t<h2 class=\"elementor-heading-title elementor-size-default\">Rinaldo Talamonti<\/h2>\t\t\t\t<\/div>\n\t\t\t\t<\/div>\n\t\t\t\t<div class=\"elementor-element elementor-element-9f15b70 elementor-widget elementor-widget-text-editor\" data-id=\"9f15b70\" data-element_type=\"widget\" data-e-type=\"widget\" data-widget_type=\"text-editor.default\">\n\t\t\t\t<div class=\"elementor-widget-container\">\n\t\t\t\t\t\t\t\t\t<p><strong>Release: 5. Februar 2025<\/strong><\/p>\t\t\t\t\t\t\t\t<\/div>\n\t\t\t\t<\/div>\n\t\t\t\t<div class=\"elementor-element elementor-element-e10ab71 elementor-widget elementor-widget-text-editor\" data-id=\"e10ab71\" data-element_type=\"widget\" data-e-type=\"widget\" data-widget_type=\"text-editor.default\">\n\t\t\t\t<div class=\"elementor-widget-container\">\n\t\t\t\t\t\t\t\t\t<p><span style=\"font-weight: 400;\">Es war eine Zeit des Umbruchs, der sexuellen Revolution, als Ende der sechziger Jahre der <\/span><span style=\"font-weight: 400;\">\u00bb<\/span><span style=\"font-weight: 400;\">kleine<\/span><span style=\"font-weight: 400;\">\u00ab<\/span><span style=\"font-weight: 400;\"> Italiener Rinaldo Talamonti zum ersten Male die gro\u00dfe Leinwand eroberte. Mit erotischen Filmen und einer Freiz\u00fcgigkeit, die erfrischend war und so gar nichts mehr zu tun hatte mit den verklemmten Kom\u00f6dien, die zuvor das deutsche Kino beherrschten. In <\/span><span style=\"font-weight: 400;\">\u00bb<\/span><span style=\"font-weight: 400;\">Rinaldo Talamonti \u2013 Ein erotischer Rebell<\/span><span style=\"font-weight: 400;\">\u00ab<\/span><span style=\"font-weight: 400;\"> erinnert sich der <\/span><span style=\"font-weight: 400;\">\u00bb<\/span><span style=\"font-weight: 400;\">kleine<\/span><span style=\"font-weight: 400;\">\u00ab<\/span><span style=\"font-weight: 400;\"> Italiener an diese wilde Zeit, an H\u00f6hen und Tiefen, an Produzenten, Regisseure und Schauspieler, immer mit einem Augenzwinkern, manchmal wehm\u00fctig, aber auch voller Witz und herrlichen Anekdoten. Erz\u00e4hlt wird aber auch die Geschichte des Sohnes eines italienischen Gastarbeiters, der quasi \u00fcber Nacht das Gl\u00fcck hatte, Fu\u00df im erotischen Filmbusiness zu fassen und schlie\u00dflich \u2013 neben dem Film \u2013 zu einem erfolgreichen Unternehmer avancierte.<\/span><\/p>\n<p><strong>Pressestimmen:<\/strong><\/p>\n<p>\u201eFilmhistorisch wichtig\u201c (Peter Osteried, Moviestar Retro 3\/25)<\/p>\n<p>\u201eEin pers\u00f6nlicher, aber ebenso unterhaltsamer wie informativer Blick auf die Aufkl\u00e4rungswelle des Deutschen Kinos.\u201c (Gerd M. Hofmann, Kinogucker)<\/p>\t\t\t\t\t\t\t\t<\/div>\n\t\t\t\t<\/div>\n\t\t\t\t<section class=\"elementor-section elementor-inner-section elementor-element elementor-element-5841070 elementor-section-boxed elementor-section-height-default elementor-section-height-default\" data-id=\"5841070\" data-element_type=\"section\" data-e-type=\"section\">\n\t\t\t\t\t\t<div class=\"elementor-container elementor-column-gap-default\">\n\t\t\t\t\t<div class=\"elementor-column elementor-col-50 elementor-inner-column elementor-element elementor-element-74d5df7\" data-id=\"74d5df7\" data-element_type=\"column\" data-e-type=\"column\">\n\t\t\t<div class=\"elementor-widget-wrap elementor-element-populated\">\n\t\t\t\t\t\t<div class=\"elementor-element elementor-element-81ce215 elementor-align-justify elementor-widget-mobile__width-inherit elementor-widget elementor-widget-button\" data-id=\"81ce215\" data-element_type=\"widget\" data-e-type=\"widget\" data-widget_type=\"button.default\">\n\t\t\t\t<div class=\"elementor-widget-container\">\n\t\t\t\t\t\t\t\t\t<div class=\"elementor-button-wrapper\">\n\t\t\t\t\t<a class=\"elementor-button elementor-button-link elementor-size-md\" href=\"https:\/\/buchshop.bod.de\/rinaldo-talamonti-rinaldo-talamonti-9783000734083\" target=\"_blank\">\n\t\t\t\t\t\t<span class=\"elementor-button-content-wrapper\">\n\t\t\t\t\t\t\t\t\t<span class=\"elementor-button-text\">Auf BoD kaufen<\/span>\n\t\t\t\t\t<\/span>\n\t\t\t\t\t<\/a>\n\t\t\t\t<\/div>\n\t\t\t\t\t\t\t\t<\/div>\n\t\t\t\t<\/div>\n\t\t\t\t\t<\/div>\n\t\t<\/div>\n\t\t\t\t<div class=\"elementor-column elementor-col-50 elementor-inner-column elementor-element elementor-element-159ff9c\" data-id=\"159ff9c\" data-element_type=\"column\" data-e-type=\"column\">\n\t\t\t<div class=\"elementor-widget-wrap elementor-element-populated\">\n\t\t\t\t\t\t<div class=\"elementor-element elementor-element-8c15123 elementor-align-justify elementor-widget-mobile__width-inherit elementor-widget elementor-widget-button\" data-id=\"8c15123\" data-element_type=\"widget\" data-e-type=\"widget\" data-widget_type=\"button.default\">\n\t\t\t\t<div class=\"elementor-widget-container\">\n\t\t\t\t\t\t\t\t\t<div class=\"elementor-button-wrapper\">\n\t\t\t\t\t<a class=\"elementor-button elementor-button-link elementor-size-md\" href=\"https:\/\/amzn.eu\/d\/d6s4mR1\" target=\"_blank\">\n\t\t\t\t\t\t<span class=\"elementor-button-content-wrapper\">\n\t\t\t\t\t\t\t\t\t<span class=\"elementor-button-text\">Auf Amazon kaufen<\/span>\n\t\t\t\t\t<\/span>\n\t\t\t\t\t<\/a>\n\t\t\t\t<\/div>\n\t\t\t\t\t\t\t\t<\/div>\n\t\t\t\t<\/div>\n\t\t\t\t\t<\/div>\n\t\t<\/div>\n\t\t\t\t\t<\/div>\n\t\t<\/section>\n\t\t\t\t\t<\/div>\n\t\t<\/div>\n\t\t\t\t\t<\/div>\n\t\t<\/section>\n\t\t\t\t<\/div>","protected":false},"excerpt":{"rendered":"<p>Rinaldo Talamonti Rinaldo Talamonti Release: 5. Februar 2025 Es war eine Zeit des Umbruchs, der sexuellen Revolution, als Ende der sechziger Jahre der \u00bbkleine\u00ab Italiener Rinaldo Talamonti zum ersten Male die gro\u00dfe Leinwand eroberte. Mit erotischen Filmen und einer Freiz\u00fcgigkeit, die erfrischend war und so gar nichts mehr zu tun hatte mit den verklemmten Kom\u00f6dien, [&hellip;]<\/p>\n","protected":false},"author":1,"featured_media":0,"parent":682,"menu_order":0,"comment_status":"closed","ping_status":"closed","template":"","meta":{"site-sidebar-layout":"no-sidebar","site-content-layout":"page-builder","ast-site-content-layout":"full-width-container","site-content-style":"default","site-sidebar-style":"default","ast-global-header-display":"","ast-banner-title-visibility":"","ast-main-header-display":"","ast-hfb-above-header-display":"","ast-hfb-below-header-display":"","ast-hfb-mobile-header-display":"","site-post-title":"disabled","ast-breadcrumbs-content":"","ast-featured-img":"disabled","footer-sml-layout":"","ast-disable-related-posts":"","theme-transparent-header-meta":"","adv-header-id-meta":"","stick-header-meta":"","header-above-stick-meta":"","header-main-stick-meta":"","header-below-stick-meta":"","astra-migrate-meta-layouts":"set","ast-page-background-enabled":"default","ast-page-background-meta":{"desktop":{"background-color":"","background-image":"","background-repeat":"repeat","background-position":"center center","background-size":"auto","background-attachment":"scroll","background-type":"","background-media":"","overlay-type":"","overlay-color":"","overlay-opacity":"","overlay-gradient":""},"tablet":{"background-color":"","background-image":"","background-repeat":"repeat","background-position":"center center","background-size":"auto","background-attachment":"scroll","background-type":"","background-media":"","overlay-type":"","overlay-color":"","overlay-opacity":"","overlay-gradient":""},"mobile":{"background-color":"","background-image":"","background-repeat":"repeat","background-position":"center center","background-size":"auto","background-attachment":"scroll","background-type":"","background-media":"","overlay-type":"","overlay-color":"","overlay-opacity":"","overlay-gradient":""}},"ast-content-background-meta":{"desktop":{"background-color":"var(--ast-global-color-5)","background-image":"","background-repeat":"repeat","background-position":"center center","background-size":"auto","background-attachment":"scroll","background-type":"","background-media":"","overlay-type":"","overlay-color":"","overlay-opacity":"","overlay-gradient":""},"tablet":{"background-color":"var(--ast-global-color-5)","background-image":"","background-repeat":"repeat","background-position":"center center","background-size":"auto","background-attachment":"scroll","background-type":"","background-media":"","overlay-type":"","overlay-color":"","overlay-opacity":"","overlay-gradient":""},"mobile":{"background-color":"var(--ast-global-color-5)","background-image":"","background-repeat":"repeat","background-position":"center center","background-size":"auto","background-attachment":"scroll","background-type":"","background-media":"","overlay-type":"","overlay-color":"","overlay-opacity":"","overlay-gradient":""}},"footnotes":""},"class_list":["post-1988","page","type-page","status-publish","hentry"],"yoast_head":"<!-- This site is optimized with the Yoast SEO plugin v26.9 - https:\/\/yoast.com\/product\/yoast-seo-wordpress\/ -->\n<title>Rinaldo Talamonti - Fenomena Filmproduction<\/title>\n<meta name=\"robots\" content=\"index, follow, max-snippet:-1, max-image-preview:large, max-video-preview:-1\" \/>\n<link rel=\"canonical\" href=\"https:\/\/fenomena-film-production.de\/de\/books\/rinaldo-talamonti\/\" \/>\n<meta property=\"og:locale\" content=\"de_DE\" \/>\n<meta property=\"og:type\" content=\"article\" \/>\n<meta property=\"og:title\" content=\"Rinaldo Talamonti - Fenomena Filmproduction\" \/>\n<meta property=\"og:description\" content=\"Rinaldo Talamonti Rinaldo Talamonti Release: 5. Februar 2025 Es war eine Zeit des Umbruchs, der sexuellen Revolution, als Ende der sechziger Jahre der \u00bbkleine\u00ab Italiener Rinaldo Talamonti zum ersten Male die gro\u00dfe Leinwand eroberte. Mit erotischen Filmen und einer Freiz\u00fcgigkeit, die erfrischend war und so gar nichts mehr zu tun hatte mit den verklemmten Kom\u00f6dien, [&hellip;]\" \/>\n<meta property=\"og:url\" content=\"https:\/\/fenomena-film-production.de\/de\/books\/rinaldo-talamonti\/\" \/>\n<meta property=\"og:site_name\" content=\"Fenomena Filmproduction\" \/>\n<meta property=\"article:publisher\" content=\"https:\/\/www.facebook.com\/profile.php?id=100063148034314\" \/>\n<meta property=\"article:modified_time\" content=\"2025-06-27T20:35:09+00:00\" \/>\n<meta property=\"og:image\" content=\"https:\/\/fenomena-film-production.de\/wp-content\/uploads\/2024\/07\/Talamonti.jpeg\" \/>\n\t<meta property=\"og:image:width\" content=\"1128\" \/>\n\t<meta property=\"og:image:height\" content=\"1600\" \/>\n\t<meta property=\"og:image:type\" content=\"image\/jpeg\" \/>\n<meta name=\"twitter:card\" content=\"summary_large_image\" \/>\n<meta name=\"twitter:label1\" content=\"Gesch\u00e4tzte Lesezeit\" \/>\n\t<meta name=\"twitter:data1\" content=\"1\u00a0Minute\" \/>\n<script type=\"application\/ld+json\" class=\"yoast-schema-graph\">{\"@context\":\"https:\/\/schema.org\",\"@graph\":[{\"@type\":\"WebPage\",\"@id\":\"https:\/\/fenomena-film-production.de\/books\/rinaldo-talamonti\/\",\"url\":\"https:\/\/fenomena-film-production.de\/books\/rinaldo-talamonti\/\",\"name\":\"Rinaldo Talamonti - Fenomena Filmproduction\",\"isPartOf\":{\"@id\":\"https:\/\/fenomena-film-production.de\/#website\"},\"primaryImageOfPage\":{\"@id\":\"https:\/\/fenomena-film-production.de\/books\/rinaldo-talamonti\/#primaryimage\"},\"image\":{\"@id\":\"https:\/\/fenomena-film-production.de\/books\/rinaldo-talamonti\/#primaryimage\"},\"thumbnailUrl\":\"https:\/\/fenomena-film-production.de\/wp-content\/uploads\/2024\/07\/Talamonti.jpeg\",\"datePublished\":\"2024-07-17T08:52:55+00:00\",\"dateModified\":\"2025-06-27T20:35:09+00:00\",\"breadcrumb\":{\"@id\":\"https:\/\/fenomena-film-production.de\/books\/rinaldo-talamonti\/#breadcrumb\"},\"inLanguage\":\"de\",\"potentialAction\":[{\"@type\":\"ReadAction\",\"target\":[\"https:\/\/fenomena-film-production.de\/books\/rinaldo-talamonti\/\"]}]},{\"@type\":\"ImageObject\",\"inLanguage\":\"de\",\"@id\":\"https:\/\/fenomena-film-production.de\/books\/rinaldo-talamonti\/#primaryimage\",\"url\":\"https:\/\/fenomena-film-production.de\/wp-content\/uploads\/2024\/07\/Talamonti.jpeg\",\"contentUrl\":\"https:\/\/fenomena-film-production.de\/wp-content\/uploads\/2024\/07\/Talamonti.jpeg\"},{\"@type\":\"BreadcrumbList\",\"@id\":\"https:\/\/fenomena-film-production.de\/books\/rinaldo-talamonti\/#breadcrumb\",\"itemListElement\":[{\"@type\":\"ListItem\",\"position\":1,\"name\":\"Home\",\"item\":\"https:\/\/fenomena-film-production.de\/\"},{\"@type\":\"ListItem\",\"position\":2,\"name\":\"Books\",\"item\":\"https:\/\/fenomena-film-production.de\/books\/\"},{\"@type\":\"ListItem\",\"position\":3,\"name\":\"Rinaldo Talamonti\"}]},{\"@type\":\"WebSite\",\"@id\":\"https:\/\/fenomena-film-production.de\/#website\",\"url\":\"https:\/\/fenomena-film-production.de\/\",\"name\":\"Fenomena Filmproduction\",\"description\":\"\",\"publisher\":{\"@id\":\"https:\/\/fenomena-film-production.de\/#organization\"},\"potentialAction\":[{\"@type\":\"SearchAction\",\"target\":{\"@type\":\"EntryPoint\",\"urlTemplate\":\"https:\/\/fenomena-film-production.de\/?s={search_term_string}\"},\"query-input\":{\"@type\":\"PropertyValueSpecification\",\"valueRequired\":true,\"valueName\":\"search_term_string\"}}],\"inLanguage\":\"de\"},{\"@type\":\"Organization\",\"@id\":\"https:\/\/fenomena-film-production.de\/#organization\",\"name\":\"Fenomena Filmproduction\",\"url\":\"https:\/\/fenomena-film-production.de\/\",\"logo\":{\"@type\":\"ImageObject\",\"inLanguage\":\"de\",\"@id\":\"https:\/\/fenomena-film-production.de\/#\/schema\/logo\/image\/\",\"url\":\"https:\/\/fenomena-film-production.de\/wp-content\/uploads\/2023\/01\/Fenomena-Film-Production-Header-Logo.png\",\"contentUrl\":\"https:\/\/fenomena-film-production.de\/wp-content\/uploads\/2023\/01\/Fenomena-Film-Production-Header-Logo.png\",\"width\":450,\"height\":250,\"caption\":\"Fenomena Filmproduction\"},\"image\":{\"@id\":\"https:\/\/fenomena-film-production.de\/#\/schema\/logo\/image\/\"},\"sameAs\":[\"https:\/\/www.facebook.com\/profile.php?id=100063148034314\",\"https:\/\/www.instagram.com\/fenomena_film_produktion\/\"]}]}<\/script>\n<!-- \/ Yoast SEO plugin. -->","yoast_head_json":{"title":"Rinaldo Talamonti - Fenomena Filmproduction","robots":{"index":"index","follow":"follow","max-snippet":"max-snippet:-1","max-image-preview":"max-image-preview:large","max-video-preview":"max-video-preview:-1"},"canonical":"https:\/\/fenomena-film-production.de\/de\/books\/rinaldo-talamonti\/","og_locale":"de_DE","og_type":"article","og_title":"Rinaldo Talamonti - Fenomena Filmproduction","og_description":"Rinaldo Talamonti Rinaldo Talamonti Release: 5. Februar 2025 Es war eine Zeit des Umbruchs, der sexuellen Revolution, als Ende der sechziger Jahre der \u00bbkleine\u00ab Italiener Rinaldo Talamonti zum ersten Male die gro\u00dfe Leinwand eroberte. Mit erotischen Filmen und einer Freiz\u00fcgigkeit, die erfrischend war und so gar nichts mehr zu tun hatte mit den verklemmten Kom\u00f6dien, [&hellip;]","og_url":"https:\/\/fenomena-film-production.de\/de\/books\/rinaldo-talamonti\/","og_site_name":"Fenomena Filmproduction","article_publisher":"https:\/\/www.facebook.com\/profile.php?id=100063148034314","article_modified_time":"2025-06-27T20:35:09+00:00","og_image":[{"width":1128,"height":1600,"url":"https:\/\/fenomena-film-production.de\/wp-content\/uploads\/2024\/07\/Talamonti.jpeg","type":"image\/jpeg"}],"twitter_card":"summary_large_image","twitter_misc":{"Gesch\u00e4tzte Lesezeit":"1\u00a0Minute"},"schema":{"@context":"https:\/\/schema.org","@graph":[{"@type":"WebPage","@id":"https:\/\/fenomena-film-production.de\/books\/rinaldo-talamonti\/","url":"https:\/\/fenomena-film-production.de\/books\/rinaldo-talamonti\/","name":"Rinaldo Talamonti - Fenomena Filmproduction","isPartOf":{"@id":"https:\/\/fenomena-film-production.de\/#website"},"primaryImageOfPage":{"@id":"https:\/\/fenomena-film-production.de\/books\/rinaldo-talamonti\/#primaryimage"},"image":{"@id":"https:\/\/fenomena-film-production.de\/books\/rinaldo-talamonti\/#primaryimage"},"thumbnailUrl":"https:\/\/fenomena-film-production.de\/wp-content\/uploads\/2024\/07\/Talamonti.jpeg","datePublished":"2024-07-17T08:52:55+00:00","dateModified":"2025-06-27T20:35:09+00:00","breadcrumb":{"@id":"https:\/\/fenomena-film-production.de\/books\/rinaldo-talamonti\/#breadcrumb"},"inLanguage":"de","potentialAction":[{"@type":"ReadAction","target":["https:\/\/fenomena-film-production.de\/books\/rinaldo-talamonti\/"]}]},{"@type":"ImageObject","inLanguage":"de","@id":"https:\/\/fenomena-film-production.de\/books\/rinaldo-talamonti\/#primaryimage","url":"https:\/\/fenomena-film-production.de\/wp-content\/uploads\/2024\/07\/Talamonti.jpeg","contentUrl":"https:\/\/fenomena-film-production.de\/wp-content\/uploads\/2024\/07\/Talamonti.jpeg"},{"@type":"BreadcrumbList","@id":"https:\/\/fenomena-film-production.de\/books\/rinaldo-talamonti\/#breadcrumb","itemListElement":[{"@type":"ListItem","position":1,"name":"Home","item":"https:\/\/fenomena-film-production.de\/"},{"@type":"ListItem","position":2,"name":"Books","item":"https:\/\/fenomena-film-production.de\/books\/"},{"@type":"ListItem","position":3,"name":"Rinaldo Talamonti"}]},{"@type":"WebSite","@id":"https:\/\/fenomena-film-production.de\/#website","url":"https:\/\/fenomena-film-production.de\/","name":"Fenomena Filmproduction","description":"","publisher":{"@id":"https:\/\/fenomena-film-production.de\/#organization"},"potentialAction":[{"@type":"SearchAction","target":{"@type":"EntryPoint","urlTemplate":"https:\/\/fenomena-film-production.de\/?s={search_term_string}"},"query-input":{"@type":"PropertyValueSpecification","valueRequired":true,"valueName":"search_term_string"}}],"inLanguage":"de"},{"@type":"Organization","@id":"https:\/\/fenomena-film-production.de\/#organization","name":"Fenomena Filmproduction","url":"https:\/\/fenomena-film-production.de\/","logo":{"@type":"ImageObject","inLanguage":"de","@id":"https:\/\/fenomena-film-production.de\/#\/schema\/logo\/image\/","url":"https:\/\/fenomena-film-production.de\/wp-content\/uploads\/2023\/01\/Fenomena-Film-Production-Header-Logo.png","contentUrl":"https:\/\/fenomena-film-production.de\/wp-content\/uploads\/2023\/01\/Fenomena-Film-Production-Header-Logo.png","width":450,"height":250,"caption":"Fenomena Filmproduction"},"image":{"@id":"https:\/\/fenomena-film-production.de\/#\/schema\/logo\/image\/"},"sameAs":["https:\/\/www.facebook.com\/profile.php?id=100063148034314","https:\/\/www.instagram.com\/fenomena_film_produktion\/"]}]}},"_links":{"self":[{"href":"https:\/\/fenomena-film-production.de\/de\/wp-json\/wp\/v2\/pages\/1988","targetHints":{"allow":["GET"]}}],"collection":[{"href":"https:\/\/fenomena-film-production.de\/de\/wp-json\/wp\/v2\/pages"}],"about":[{"href":"https:\/\/fenomena-film-production.de\/de\/wp-json\/wp\/v2\/types\/page"}],"author":[{"embeddable":true,"href":"https:\/\/fenomena-film-production.de\/de\/wp-json\/wp\/v2\/users\/1"}],"replies":[{"embeddable":true,"href":"https:\/\/fenomena-film-production.de\/de\/wp-json\/wp\/v2\/comments?post=1988"}],"version-history":[{"count":37,"href":"https:\/\/fenomena-film-production.de\/de\/wp-json\/wp\/v2\/pages\/1988\/revisions"}],"predecessor-version":[{"id":2388,"href":"https:\/\/fenomena-film-production.de\/de\/wp-json\/wp\/v2\/pages\/1988\/revisions\/2388"}],"up":[{"embeddable":true,"href":"https:\/\/fenomena-film-production.de\/de\/wp-json\/wp\/v2\/pages\/682"}],"wp:attachment":[{"href":"https:\/\/fenomena-film-production.de\/de\/wp-json\/wp\/v2\/media?parent=1988"}],"curies":[{"name":"wp","href":"https:\/\/api.w.org\/{rel}","templated":true}]}}