{"id":1210,"date":"2023-01-17T02:02:12","date_gmt":"2023-01-17T02:02:12","guid":{"rendered":"https:\/\/fenomena-film-production.de\/?page_id=1210"},"modified":"2025-02-12T16:39:16","modified_gmt":"2025-02-12T16:39:16","slug":"john-badham-blick-und-bewegung","status":"publish","type":"page","link":"https:\/\/fenomena-film-production.de\/de\/books\/john-badham-blick-und-bewegung\/","title":{"rendered":"John Badham &#8211; Blick und Bewegung"},"content":{"rendered":"<div data-elementor-type=\"wp-page\" data-elementor-id=\"1210\" class=\"elementor elementor-1210\">\n\t\t\t\t\t\t<section class=\"elementor-section elementor-top-section elementor-element elementor-element-e1629fe elementor-section-boxed elementor-section-height-default elementor-section-height-default\" data-id=\"e1629fe\" data-element_type=\"section\" data-e-type=\"section\" data-settings=\"{&quot;background_background&quot;:&quot;classic&quot;}\">\n\t\t\t\t\t\t\t<div class=\"elementor-background-overlay\"><\/div>\n\t\t\t\t\t\t\t<div class=\"elementor-container elementor-column-gap-no\">\n\t\t\t\t\t<div class=\"elementor-column elementor-col-100 elementor-top-column elementor-element elementor-element-6ca75f8f\" data-id=\"6ca75f8f\" data-element_type=\"column\" data-e-type=\"column\">\n\t\t\t<div class=\"elementor-widget-wrap elementor-element-populated\">\n\t\t\t\t\t\t<div class=\"elementor-element elementor-element-88927ec elementor-widget elementor-widget-heading\" data-id=\"88927ec\" data-element_type=\"widget\" data-e-type=\"widget\" data-widget_type=\"heading.default\">\n\t\t\t\t<div class=\"elementor-widget-container\">\n\t\t\t\t\t<h1 class=\"elementor-heading-title elementor-size-default\">John Badham - Blick und Bewegung<\/h1>\t\t\t\t<\/div>\n\t\t\t\t<\/div>\n\t\t\t\t<div class=\"elementor-element elementor-element-778322f8 elementor-widget-divider--view-line elementor-widget elementor-widget-divider\" data-id=\"778322f8\" data-element_type=\"widget\" data-e-type=\"widget\" data-widget_type=\"divider.default\">\n\t\t\t\t<div class=\"elementor-widget-container\">\n\t\t\t\t\t\t\t<div class=\"elementor-divider\">\n\t\t\t<span class=\"elementor-divider-separator\">\n\t\t\t\t\t\t<\/span>\n\t\t<\/div>\n\t\t\t\t\t\t<\/div>\n\t\t\t\t<\/div>\n\t\t\t\t\t<\/div>\n\t\t<\/div>\n\t\t\t\t\t<\/div>\n\t\t<\/section>\n\t\t\t\t<section class=\"elementor-section elementor-top-section elementor-element elementor-element-1de828ea elementor-section-content-middle elementor-section-boxed elementor-section-height-default elementor-section-height-default\" data-id=\"1de828ea\" data-element_type=\"section\" data-e-type=\"section\" data-settings=\"{&quot;background_background&quot;:&quot;classic&quot;}\">\n\t\t\t\t\t\t\t<div class=\"elementor-background-overlay\"><\/div>\n\t\t\t\t\t\t\t<div class=\"elementor-container elementor-column-gap-no\">\n\t\t\t\t\t<div class=\"elementor-column elementor-col-50 elementor-top-column elementor-element elementor-element-72db92b9\" data-id=\"72db92b9\" data-element_type=\"column\" data-e-type=\"column\">\n\t\t\t<div class=\"elementor-widget-wrap elementor-element-populated\">\n\t\t\t\t\t\t<div class=\"elementor-element elementor-element-1026d04e elementor-widget elementor-widget-image\" data-id=\"1026d04e\" data-element_type=\"widget\" data-e-type=\"widget\" data-widget_type=\"image.default\">\n\t\t\t\t<div class=\"elementor-widget-container\">\n\t\t\t\t\t\t\t\t\t\t\t\t\t\t\t<img fetchpriority=\"high\" decoding=\"async\" width=\"1347\" height=\"1920\" src=\"https:\/\/fenomena-film-production.de\/wp-content\/uploads\/2023\/01\/Cover-John-Badham-Blick-und-Bewegung-Fenomena-Film-Production.jpeg\" class=\"attachment-full size-full wp-image-411\" alt=\"Cover - John Badham - Blick und Bewegung - Fenomena Film Production\" srcset=\"https:\/\/fenomena-film-production.de\/wp-content\/uploads\/2023\/01\/Cover-John-Badham-Blick-und-Bewegung-Fenomena-Film-Production.jpeg 1347w, https:\/\/fenomena-film-production.de\/wp-content\/uploads\/2023\/01\/Cover-John-Badham-Blick-und-Bewegung-Fenomena-Film-Production-210x300.jpeg 210w, https:\/\/fenomena-film-production.de\/wp-content\/uploads\/2023\/01\/Cover-John-Badham-Blick-und-Bewegung-Fenomena-Film-Production-718x1024.jpeg 718w, https:\/\/fenomena-film-production.de\/wp-content\/uploads\/2023\/01\/Cover-John-Badham-Blick-und-Bewegung-Fenomena-Film-Production-768x1095.jpeg 768w, https:\/\/fenomena-film-production.de\/wp-content\/uploads\/2023\/01\/Cover-John-Badham-Blick-und-Bewegung-Fenomena-Film-Production-1078x1536.jpeg 1078w\" sizes=\"(max-width: 1347px) 100vw, 1347px\" \/>\t\t\t\t\t\t\t\t\t\t\t\t\t\t\t<\/div>\n\t\t\t\t<\/div>\n\t\t\t\t\t<\/div>\n\t\t<\/div>\n\t\t\t\t<div class=\"elementor-column elementor-col-50 elementor-top-column elementor-element elementor-element-4ebd3585\" data-id=\"4ebd3585\" data-element_type=\"column\" data-e-type=\"column\">\n\t\t\t<div class=\"elementor-widget-wrap elementor-element-populated\">\n\t\t\t\t\t\t<div class=\"elementor-element elementor-element-242935f elementor-widget elementor-widget-heading\" data-id=\"242935f\" data-element_type=\"widget\" data-e-type=\"widget\" data-widget_type=\"heading.default\">\n\t\t\t\t<div class=\"elementor-widget-container\">\n\t\t\t\t\t<h3 class=\"elementor-heading-title elementor-size-default\">John Badham - Blick und Bewegung<\/h3>\t\t\t\t<\/div>\n\t\t\t\t<\/div>\n\t\t\t\t<div class=\"elementor-element elementor-element-24eb2eab elementor-widget elementor-widget-text-editor\" data-id=\"24eb2eab\" data-element_type=\"widget\" data-e-type=\"widget\" data-widget_type=\"text-editor.default\">\n\t\t\t\t<div class=\"elementor-widget-container\">\n\t\t\t\t\t\t\t\t\t<p>A John Badham Movie: Bewegung ist das Schl\u00fcsselwort in den Werken des US-Regisseurs John Badham. Es ist \u00fcberdies der voyeuristische Blick seiner durchweg m\u00e4nnlichen Helden, der h\u00e4ufig die Blickrichtung seiner Geschichten strukturiert. Gerade in seiner wegweisenden Technik-Trilogie erweist sich Badham als ein gro\u00dfer Humanist des Hollywood-Kinos, in der er bereits fr\u00fch die Gefahren der technischen Revolution aufkommen sah und als L\u00f6sung f\u00fcr ein menschlich umsichtiges Miteinander warb. Der Lerncharakter, der sich zentral in diesen Werken manifestiert, zieht sich wie ein roter Faden durch seine weiteren Arbeiten &#8211; ein erstaunlicher Umstand, wenn man bedenkt, dass Badham \u00fcber Jahre hinweg fast in jedem Genre t\u00e4tig war. Im weltweit ersten Buch \u00fcber John Badham widmen sich zahlreiche Autoren einem filmischen Werk, das von den Anf\u00e4ngen in der Universal-TV-Abteilung \u00fcber Superhits wie SATURDAY NIGHT FEVER bis zu aktuellen Episoden f\u00fcr TV-Serien wie SUPERNATURAL reicht.<\/p><p><strong>Mit Texten von:<\/strong>\u00a0John Badham, Dr. Marcus Stiglegger, Dr. Michael Flintrop, Sascha Westphal, Dr. Wieland Schwanebeck, Prof. Dr. Ivo Ritzer, Dr. Nils Bothmann, Dr. Andreas Rauscher, Dr. Willem Strank, Dr. Stefan Borsos, Dr. Michael Fleig, Dr. Kai Naumann, Dr. Johannes Pause, Dr. Lars R. Krautschick, Dr. Matthias Kuzina.<\/p><p><strong>Pressestimmen:\u00a0 \u00a0<\/strong><\/p><p>\u201eGro\u00dfartiges Buch\u201c (Walter Gasperi, ray-Magazin)<br \/>\u201eInformatives und handliches Taschenbuch\u201c (Michael Cholewa, Art of Horror)<br \/>\u201eSachkundig formuliert und gut zu lesen\u201c (Hans Helmut Prinzler)<br \/>\u201eEin Derrida des Kinos\u201c (Frank Arnold, epd film 5\/23)<br \/>\u201eKann sich wahrlich sehen lassen!\u201c (Gerd M. Hofmann, Kinogucker)<\/p>\t\t\t\t\t\t\t\t<\/div>\n\t\t\t\t<\/div>\n\t\t\t\t<section class=\"elementor-section elementor-inner-section elementor-element elementor-element-9208e21 elementor-section-boxed elementor-section-height-default elementor-section-height-default\" data-id=\"9208e21\" data-element_type=\"section\" data-e-type=\"section\">\n\t\t\t\t\t\t<div class=\"elementor-container elementor-column-gap-default\">\n\t\t\t\t\t<div class=\"elementor-column elementor-col-50 elementor-inner-column elementor-element elementor-element-d5df5c0\" data-id=\"d5df5c0\" data-element_type=\"column\" data-e-type=\"column\">\n\t\t\t<div class=\"elementor-widget-wrap elementor-element-populated\">\n\t\t\t\t\t\t<div class=\"elementor-element elementor-element-235abc8 elementor-align-justify elementor-widget-mobile__width-inherit elementor-widget elementor-widget-button\" data-id=\"235abc8\" data-element_type=\"widget\" data-e-type=\"widget\" data-widget_type=\"button.default\">\n\t\t\t\t<div class=\"elementor-widget-container\">\n\t\t\t\t\t\t\t\t\t<div class=\"elementor-button-wrapper\">\n\t\t\t\t\t<a class=\"elementor-button elementor-button-link elementor-size-md\" href=\"https:\/\/www.bod.de\/buchshop\/john-badham-9783000682353\" target=\"_blank\">\n\t\t\t\t\t\t<span class=\"elementor-button-content-wrapper\">\n\t\t\t\t\t\t\t\t\t<span class=\"elementor-button-text\">Auf BoD kaufen<\/span>\n\t\t\t\t\t<\/span>\n\t\t\t\t\t<\/a>\n\t\t\t\t<\/div>\n\t\t\t\t\t\t\t\t<\/div>\n\t\t\t\t<\/div>\n\t\t\t\t\t<\/div>\n\t\t<\/div>\n\t\t\t\t<div class=\"elementor-column elementor-col-50 elementor-inner-column elementor-element elementor-element-83febc0\" data-id=\"83febc0\" data-element_type=\"column\" data-e-type=\"column\">\n\t\t\t<div class=\"elementor-widget-wrap elementor-element-populated\">\n\t\t\t\t\t\t<div class=\"elementor-element elementor-element-ca3822b elementor-align-justify elementor-widget-mobile__width-inherit elementor-widget elementor-widget-button\" data-id=\"ca3822b\" data-element_type=\"widget\" data-e-type=\"widget\" data-widget_type=\"button.default\">\n\t\t\t\t<div class=\"elementor-widget-container\">\n\t\t\t\t\t\t\t\t\t<div class=\"elementor-button-wrapper\">\n\t\t\t\t\t<a class=\"elementor-button elementor-button-link elementor-size-md\" href=\"https:\/\/www.amazon.de\/John-Badham-Bew%C3%A9gung-Michael-Flintrop\/dp\/300068235X\" target=\"_blank\">\n\t\t\t\t\t\t<span class=\"elementor-button-content-wrapper\">\n\t\t\t\t\t\t\t\t\t<span class=\"elementor-button-text\">Auf Amazon kaufen<\/span>\n\t\t\t\t\t<\/span>\n\t\t\t\t\t<\/a>\n\t\t\t\t<\/div>\n\t\t\t\t\t\t\t\t<\/div>\n\t\t\t\t<\/div>\n\t\t\t\t\t<\/div>\n\t\t<\/div>\n\t\t\t\t\t<\/div>\n\t\t<\/section>\n\t\t\t\t\t<\/div>\n\t\t<\/div>\n\t\t\t\t\t<\/div>\n\t\t<\/section>\n\t\t\t\t<section class=\"elementor-section elementor-top-section elementor-element elementor-element-c208de7 elementor-section-boxed elementor-section-height-default elementor-section-height-default\" data-id=\"c208de7\" data-element_type=\"section\" data-e-type=\"section\">\n\t\t\t\t\t\t<div class=\"elementor-container elementor-column-gap-default\">\n\t\t\t\t\t<div class=\"elementor-column elementor-col-100 elementor-top-column elementor-element elementor-element-3199f55\" data-id=\"3199f55\" data-element_type=\"column\" data-e-type=\"column\">\n\t\t\t<div class=\"elementor-widget-wrap elementor-element-populated\">\n\t\t\t\t\t\t<div class=\"elementor-element elementor-element-2073745 elementor-widget__width-initial elementor-widget elementor-widget-video\" data-id=\"2073745\" data-element_type=\"widget\" data-e-type=\"widget\" data-settings=\"{&quot;video_type&quot;:&quot;hosted&quot;,&quot;controls&quot;:&quot;yes&quot;}\" data-widget_type=\"video.default\">\n\t\t\t\t<div class=\"elementor-widget-container\">\n\t\t\t\t\t\t\t<div class=\"e-hosted-video elementor-wrapper elementor-open-inline\">\n\t\t\t\t\t<video class=\"elementor-video\" src=\"https:\/\/fenomena-film-production.de\/wp-content\/uploads\/2023\/01\/John-Badham.mp4\" controls=\"\" preload=\"metadata\" controlslist=\"nodownload\"><\/video>\n\t\t\t\t<\/div>\n\t\t\t\t\t\t<\/div>\n\t\t\t\t<\/div>\n\t\t\t\t\t<\/div>\n\t\t<\/div>\n\t\t\t\t\t<\/div>\n\t\t<\/section>\n\t\t\t\t<\/div>","protected":false},"excerpt":{"rendered":"<p>John Badham &#8211; Blick und Bewegung John Badham &#8211; Blick und Bewegung A John Badham Movie: Bewegung ist das Schl\u00fcsselwort in den Werken des US-Regisseurs John Badham. Es ist \u00fcberdies der voyeuristische Blick seiner durchweg m\u00e4nnlichen Helden, der h\u00e4ufig die Blickrichtung seiner Geschichten strukturiert. Gerade in seiner wegweisenden Technik-Trilogie erweist sich Badham als ein gro\u00dfer [&hellip;]<\/p>\n","protected":false},"author":1,"featured_media":0,"parent":682,"menu_order":0,"comment_status":"closed","ping_status":"closed","template":"","meta":{"site-sidebar-layout":"no-sidebar","site-content-layout":"page-builder","ast-site-content-layout":"default","site-content-style":"default","site-sidebar-style":"default","ast-global-header-display":"","ast-banner-title-visibility":"","ast-main-header-display":"","ast-hfb-above-header-display":"","ast-hfb-below-header-display":"","ast-hfb-mobile-header-display":"","site-post-title":"disabled","ast-breadcrumbs-content":"","ast-featured-img":"disabled","footer-sml-layout":"","ast-disable-related-posts":"","theme-transparent-header-meta":"","adv-header-id-meta":"","stick-header-meta":"","header-above-stick-meta":"","header-main-stick-meta":"","header-below-stick-meta":"","astra-migrate-meta-layouts":"default","ast-page-background-enabled":"default","ast-page-background-meta":{"desktop":{"background-color":"","background-image":"","background-repeat":"repeat","background-position":"center center","background-size":"auto","background-attachment":"scroll","background-type":"","background-media":"","overlay-type":"","overlay-color":"","overlay-opacity":"","overlay-gradient":""},"tablet":{"background-color":"","background-image":"","background-repeat":"repeat","background-position":"center center","background-size":"auto","background-attachment":"scroll","background-type":"","background-media":"","overlay-type":"","overlay-color":"","overlay-opacity":"","overlay-gradient":""},"mobile":{"background-color":"","background-image":"","background-repeat":"repeat","background-position":"center center","background-size":"auto","background-attachment":"scroll","background-type":"","background-media":"","overlay-type":"","overlay-color":"","overlay-opacity":"","overlay-gradient":""}},"ast-content-background-meta":{"desktop":{"background-color":"var(--ast-global-color-5)","background-image":"","background-repeat":"repeat","background-position":"center center","background-size":"auto","background-attachment":"scroll","background-type":"","background-media":"","overlay-type":"","overlay-color":"","overlay-opacity":"","overlay-gradient":""},"tablet":{"background-color":"var(--ast-global-color-5)","background-image":"","background-repeat":"repeat","background-position":"center center","background-size":"auto","background-attachment":"scroll","background-type":"","background-media":"","overlay-type":"","overlay-color":"","overlay-opacity":"","overlay-gradient":""},"mobile":{"background-color":"var(--ast-global-color-5)","background-image":"","background-repeat":"repeat","background-position":"center center","background-size":"auto","background-attachment":"scroll","background-type":"","background-media":"","overlay-type":"","overlay-color":"","overlay-opacity":"","overlay-gradient":""}},"footnotes":""},"class_list":["post-1210","page","type-page","status-publish","hentry"],"yoast_head":"<!-- This site is optimized with the Yoast SEO plugin v26.9 - https:\/\/yoast.com\/product\/yoast-seo-wordpress\/ -->\n<title>John Badham - Blick und Bewegung - Fenomena Filmproduction<\/title>\n<meta name=\"robots\" content=\"index, follow, max-snippet:-1, max-image-preview:large, max-video-preview:-1\" \/>\n<link rel=\"canonical\" href=\"https:\/\/fenomena-film-production.de\/de\/books\/john-badham-blick-und-bewegung\/\" \/>\n<meta property=\"og:locale\" content=\"de_DE\" \/>\n<meta property=\"og:type\" content=\"article\" \/>\n<meta property=\"og:title\" content=\"John Badham - Blick und Bewegung - Fenomena Filmproduction\" \/>\n<meta property=\"og:description\" content=\"John Badham &#8211; Blick und Bewegung John Badham &#8211; Blick und Bewegung A John Badham Movie: Bewegung ist das Schl\u00fcsselwort in den Werken des US-Regisseurs John Badham. Es ist \u00fcberdies der voyeuristische Blick seiner durchweg m\u00e4nnlichen Helden, der h\u00e4ufig die Blickrichtung seiner Geschichten strukturiert. Gerade in seiner wegweisenden Technik-Trilogie erweist sich Badham als ein gro\u00dfer [&hellip;]\" \/>\n<meta property=\"og:url\" content=\"https:\/\/fenomena-film-production.de\/de\/books\/john-badham-blick-und-bewegung\/\" \/>\n<meta property=\"og:site_name\" content=\"Fenomena Filmproduction\" \/>\n<meta property=\"article:publisher\" content=\"https:\/\/www.facebook.com\/profile.php?id=100063148034314\" \/>\n<meta property=\"article:modified_time\" content=\"2025-02-12T16:39:16+00:00\" \/>\n<meta property=\"og:image\" content=\"https:\/\/fenomena-film-production.de\/wp-content\/uploads\/2023\/01\/Cover-John-Badham-Blick-und-Bewegung-Fenomena-Film-Production.jpeg\" \/>\n\t<meta property=\"og:image:width\" content=\"1347\" \/>\n\t<meta property=\"og:image:height\" content=\"1920\" \/>\n\t<meta property=\"og:image:type\" content=\"image\/jpeg\" \/>\n<meta name=\"twitter:card\" content=\"summary_large_image\" \/>\n<meta name=\"twitter:label1\" content=\"Gesch\u00e4tzte Lesezeit\" \/>\n\t<meta name=\"twitter:data1\" content=\"2\u00a0Minuten\" \/>\n<script type=\"application\/ld+json\" class=\"yoast-schema-graph\">{\"@context\":\"https:\/\/schema.org\",\"@graph\":[{\"@type\":\"WebPage\",\"@id\":\"https:\/\/fenomena-film-production.de\/books\/john-badham-blick-und-bewegung\/\",\"url\":\"https:\/\/fenomena-film-production.de\/books\/john-badham-blick-und-bewegung\/\",\"name\":\"John Badham - Blick und Bewegung - Fenomena Filmproduction\",\"isPartOf\":{\"@id\":\"https:\/\/fenomena-film-production.de\/#website\"},\"primaryImageOfPage\":{\"@id\":\"https:\/\/fenomena-film-production.de\/books\/john-badham-blick-und-bewegung\/#primaryimage\"},\"image\":{\"@id\":\"https:\/\/fenomena-film-production.de\/books\/john-badham-blick-und-bewegung\/#primaryimage\"},\"thumbnailUrl\":\"https:\/\/fenomena-film-production.de\/wp-content\/uploads\/2023\/01\/Cover-John-Badham-Blick-und-Bewegung-Fenomena-Film-Production.jpeg\",\"datePublished\":\"2023-01-17T02:02:12+00:00\",\"dateModified\":\"2025-02-12T16:39:16+00:00\",\"breadcrumb\":{\"@id\":\"https:\/\/fenomena-film-production.de\/books\/john-badham-blick-und-bewegung\/#breadcrumb\"},\"inLanguage\":\"de\",\"potentialAction\":[{\"@type\":\"ReadAction\",\"target\":[\"https:\/\/fenomena-film-production.de\/books\/john-badham-blick-und-bewegung\/\"]}]},{\"@type\":\"ImageObject\",\"inLanguage\":\"de\",\"@id\":\"https:\/\/fenomena-film-production.de\/books\/john-badham-blick-und-bewegung\/#primaryimage\",\"url\":\"https:\/\/fenomena-film-production.de\/wp-content\/uploads\/2023\/01\/Cover-John-Badham-Blick-und-Bewegung-Fenomena-Film-Production.jpeg\",\"contentUrl\":\"https:\/\/fenomena-film-production.de\/wp-content\/uploads\/2023\/01\/Cover-John-Badham-Blick-und-Bewegung-Fenomena-Film-Production.jpeg\"},{\"@type\":\"BreadcrumbList\",\"@id\":\"https:\/\/fenomena-film-production.de\/books\/john-badham-blick-und-bewegung\/#breadcrumb\",\"itemListElement\":[{\"@type\":\"ListItem\",\"position\":1,\"name\":\"Home\",\"item\":\"https:\/\/fenomena-film-production.de\/\"},{\"@type\":\"ListItem\",\"position\":2,\"name\":\"Books\",\"item\":\"https:\/\/fenomena-film-production.de\/books\/\"},{\"@type\":\"ListItem\",\"position\":3,\"name\":\"John Badham &#8211; Blick und Bewegung\"}]},{\"@type\":\"WebSite\",\"@id\":\"https:\/\/fenomena-film-production.de\/#website\",\"url\":\"https:\/\/fenomena-film-production.de\/\",\"name\":\"Fenomena Filmproduction\",\"description\":\"\",\"publisher\":{\"@id\":\"https:\/\/fenomena-film-production.de\/#organization\"},\"potentialAction\":[{\"@type\":\"SearchAction\",\"target\":{\"@type\":\"EntryPoint\",\"urlTemplate\":\"https:\/\/fenomena-film-production.de\/?s={search_term_string}\"},\"query-input\":{\"@type\":\"PropertyValueSpecification\",\"valueRequired\":true,\"valueName\":\"search_term_string\"}}],\"inLanguage\":\"de\"},{\"@type\":\"Organization\",\"@id\":\"https:\/\/fenomena-film-production.de\/#organization\",\"name\":\"Fenomena Filmproduction\",\"url\":\"https:\/\/fenomena-film-production.de\/\",\"logo\":{\"@type\":\"ImageObject\",\"inLanguage\":\"de\",\"@id\":\"https:\/\/fenomena-film-production.de\/#\/schema\/logo\/image\/\",\"url\":\"https:\/\/fenomena-film-production.de\/wp-content\/uploads\/2023\/01\/Fenomena-Film-Production-Header-Logo.png\",\"contentUrl\":\"https:\/\/fenomena-film-production.de\/wp-content\/uploads\/2023\/01\/Fenomena-Film-Production-Header-Logo.png\",\"width\":450,\"height\":250,\"caption\":\"Fenomena Filmproduction\"},\"image\":{\"@id\":\"https:\/\/fenomena-film-production.de\/#\/schema\/logo\/image\/\"},\"sameAs\":[\"https:\/\/www.facebook.com\/profile.php?id=100063148034314\",\"https:\/\/www.instagram.com\/fenomena_film_produktion\/\"]}]}<\/script>\n<!-- \/ Yoast SEO plugin. -->","yoast_head_json":{"title":"John Badham - Blick und Bewegung - Fenomena Filmproduction","robots":{"index":"index","follow":"follow","max-snippet":"max-snippet:-1","max-image-preview":"max-image-preview:large","max-video-preview":"max-video-preview:-1"},"canonical":"https:\/\/fenomena-film-production.de\/de\/books\/john-badham-blick-und-bewegung\/","og_locale":"de_DE","og_type":"article","og_title":"John Badham - Blick und Bewegung - Fenomena Filmproduction","og_description":"John Badham &#8211; Blick und Bewegung John Badham &#8211; Blick und Bewegung A John Badham Movie: Bewegung ist das Schl\u00fcsselwort in den Werken des US-Regisseurs John Badham. Es ist \u00fcberdies der voyeuristische Blick seiner durchweg m\u00e4nnlichen Helden, der h\u00e4ufig die Blickrichtung seiner Geschichten strukturiert. Gerade in seiner wegweisenden Technik-Trilogie erweist sich Badham als ein gro\u00dfer [&hellip;]","og_url":"https:\/\/fenomena-film-production.de\/de\/books\/john-badham-blick-und-bewegung\/","og_site_name":"Fenomena Filmproduction","article_publisher":"https:\/\/www.facebook.com\/profile.php?id=100063148034314","article_modified_time":"2025-02-12T16:39:16+00:00","og_image":[{"width":1347,"height":1920,"url":"https:\/\/fenomena-film-production.de\/wp-content\/uploads\/2023\/01\/Cover-John-Badham-Blick-und-Bewegung-Fenomena-Film-Production.jpeg","type":"image\/jpeg"}],"twitter_card":"summary_large_image","twitter_misc":{"Gesch\u00e4tzte Lesezeit":"2\u00a0Minuten"},"schema":{"@context":"https:\/\/schema.org","@graph":[{"@type":"WebPage","@id":"https:\/\/fenomena-film-production.de\/books\/john-badham-blick-und-bewegung\/","url":"https:\/\/fenomena-film-production.de\/books\/john-badham-blick-und-bewegung\/","name":"John Badham - Blick und Bewegung - Fenomena Filmproduction","isPartOf":{"@id":"https:\/\/fenomena-film-production.de\/#website"},"primaryImageOfPage":{"@id":"https:\/\/fenomena-film-production.de\/books\/john-badham-blick-und-bewegung\/#primaryimage"},"image":{"@id":"https:\/\/fenomena-film-production.de\/books\/john-badham-blick-und-bewegung\/#primaryimage"},"thumbnailUrl":"https:\/\/fenomena-film-production.de\/wp-content\/uploads\/2023\/01\/Cover-John-Badham-Blick-und-Bewegung-Fenomena-Film-Production.jpeg","datePublished":"2023-01-17T02:02:12+00:00","dateModified":"2025-02-12T16:39:16+00:00","breadcrumb":{"@id":"https:\/\/fenomena-film-production.de\/books\/john-badham-blick-und-bewegung\/#breadcrumb"},"inLanguage":"de","potentialAction":[{"@type":"ReadAction","target":["https:\/\/fenomena-film-production.de\/books\/john-badham-blick-und-bewegung\/"]}]},{"@type":"ImageObject","inLanguage":"de","@id":"https:\/\/fenomena-film-production.de\/books\/john-badham-blick-und-bewegung\/#primaryimage","url":"https:\/\/fenomena-film-production.de\/wp-content\/uploads\/2023\/01\/Cover-John-Badham-Blick-und-Bewegung-Fenomena-Film-Production.jpeg","contentUrl":"https:\/\/fenomena-film-production.de\/wp-content\/uploads\/2023\/01\/Cover-John-Badham-Blick-und-Bewegung-Fenomena-Film-Production.jpeg"},{"@type":"BreadcrumbList","@id":"https:\/\/fenomena-film-production.de\/books\/john-badham-blick-und-bewegung\/#breadcrumb","itemListElement":[{"@type":"ListItem","position":1,"name":"Home","item":"https:\/\/fenomena-film-production.de\/"},{"@type":"ListItem","position":2,"name":"Books","item":"https:\/\/fenomena-film-production.de\/books\/"},{"@type":"ListItem","position":3,"name":"John Badham &#8211; Blick und Bewegung"}]},{"@type":"WebSite","@id":"https:\/\/fenomena-film-production.de\/#website","url":"https:\/\/fenomena-film-production.de\/","name":"Fenomena Filmproduction","description":"","publisher":{"@id":"https:\/\/fenomena-film-production.de\/#organization"},"potentialAction":[{"@type":"SearchAction","target":{"@type":"EntryPoint","urlTemplate":"https:\/\/fenomena-film-production.de\/?s={search_term_string}"},"query-input":{"@type":"PropertyValueSpecification","valueRequired":true,"valueName":"search_term_string"}}],"inLanguage":"de"},{"@type":"Organization","@id":"https:\/\/fenomena-film-production.de\/#organization","name":"Fenomena Filmproduction","url":"https:\/\/fenomena-film-production.de\/","logo":{"@type":"ImageObject","inLanguage":"de","@id":"https:\/\/fenomena-film-production.de\/#\/schema\/logo\/image\/","url":"https:\/\/fenomena-film-production.de\/wp-content\/uploads\/2023\/01\/Fenomena-Film-Production-Header-Logo.png","contentUrl":"https:\/\/fenomena-film-production.de\/wp-content\/uploads\/2023\/01\/Fenomena-Film-Production-Header-Logo.png","width":450,"height":250,"caption":"Fenomena Filmproduction"},"image":{"@id":"https:\/\/fenomena-film-production.de\/#\/schema\/logo\/image\/"},"sameAs":["https:\/\/www.facebook.com\/profile.php?id=100063148034314","https:\/\/www.instagram.com\/fenomena_film_produktion\/"]}]}},"_links":{"self":[{"href":"https:\/\/fenomena-film-production.de\/de\/wp-json\/wp\/v2\/pages\/1210","targetHints":{"allow":["GET"]}}],"collection":[{"href":"https:\/\/fenomena-film-production.de\/de\/wp-json\/wp\/v2\/pages"}],"about":[{"href":"https:\/\/fenomena-film-production.de\/de\/wp-json\/wp\/v2\/types\/page"}],"author":[{"embeddable":true,"href":"https:\/\/fenomena-film-production.de\/de\/wp-json\/wp\/v2\/users\/1"}],"replies":[{"embeddable":true,"href":"https:\/\/fenomena-film-production.de\/de\/wp-json\/wp\/v2\/comments?post=1210"}],"version-history":[{"count":118,"href":"https:\/\/fenomena-film-production.de\/de\/wp-json\/wp\/v2\/pages\/1210\/revisions"}],"predecessor-version":[{"id":2311,"href":"https:\/\/fenomena-film-production.de\/de\/wp-json\/wp\/v2\/pages\/1210\/revisions\/2311"}],"up":[{"embeddable":true,"href":"https:\/\/fenomena-film-production.de\/de\/wp-json\/wp\/v2\/pages\/682"}],"wp:attachment":[{"href":"https:\/\/fenomena-film-production.de\/de\/wp-json\/wp\/v2\/media?parent=1210"}],"curies":[{"name":"wp","href":"https:\/\/api.w.org\/{rel}","templated":true}]}}