{"id":1048,"date":"2023-01-06T16:35:30","date_gmt":"2023-01-06T16:35:30","guid":{"rendered":"https:\/\/fenomena-film-production.de\/?page_id=1048"},"modified":"2023-03-29T14:30:29","modified_gmt":"2023-03-29T14:30:29","slug":"the-crow-killed-the-cat","status":"publish","type":"page","link":"https:\/\/fenomena-film-production.de\/de\/coming-soon\/the-crow-killed-the-cat\/","title":{"rendered":"The Crow Killed The Cat"},"content":{"rendered":"<div data-elementor-type=\"wp-page\" data-elementor-id=\"1048\" class=\"elementor elementor-1048\">\n\t\t\t\t\t\t<section class=\"elementor-section elementor-top-section elementor-element elementor-element-3ca06194 elementor-section-boxed elementor-section-height-default elementor-section-height-default\" data-id=\"3ca06194\" data-element_type=\"section\" data-e-type=\"section\" data-settings=\"{&quot;background_background&quot;:&quot;classic&quot;}\">\n\t\t\t\t\t\t\t<div class=\"elementor-background-overlay\"><\/div>\n\t\t\t\t\t\t\t<div class=\"elementor-container elementor-column-gap-no\">\n\t\t\t\t\t<div class=\"elementor-column elementor-col-100 elementor-top-column elementor-element elementor-element-6b23fd5b\" data-id=\"6b23fd5b\" data-element_type=\"column\" data-e-type=\"column\">\n\t\t\t<div class=\"elementor-widget-wrap elementor-element-populated\">\n\t\t\t\t\t\t<div class=\"elementor-element elementor-element-35dfe55e elementor-widget elementor-widget-heading\" data-id=\"35dfe55e\" data-element_type=\"widget\" data-e-type=\"widget\" data-widget_type=\"heading.default\">\n\t\t\t\t<div class=\"elementor-widget-container\">\n\t\t\t\t\t<h1 class=\"elementor-heading-title elementor-size-default\">The Crow Killed The Cat<\/h1>\t\t\t\t<\/div>\n\t\t\t\t<\/div>\n\t\t\t\t<div class=\"elementor-element elementor-element-3fb80bc4 elementor-widget-divider--view-line elementor-widget elementor-widget-divider\" data-id=\"3fb80bc4\" data-element_type=\"widget\" data-e-type=\"widget\" data-widget_type=\"divider.default\">\n\t\t\t\t<div class=\"elementor-widget-container\">\n\t\t\t\t\t\t\t<div class=\"elementor-divider\">\n\t\t\t<span class=\"elementor-divider-separator\">\n\t\t\t\t\t\t<\/span>\n\t\t<\/div>\n\t\t\t\t\t\t<\/div>\n\t\t\t\t<\/div>\n\t\t\t\t\t<\/div>\n\t\t<\/div>\n\t\t\t\t\t<\/div>\n\t\t<\/section>\n\t\t\t\t<section class=\"elementor-section elementor-top-section elementor-element elementor-element-7a8ac1fc elementor-section-content-middle elementor-section-boxed elementor-section-height-default elementor-section-height-default\" data-id=\"7a8ac1fc\" data-element_type=\"section\" data-e-type=\"section\" data-settings=\"{&quot;background_background&quot;:&quot;classic&quot;}\">\n\t\t\t\t\t\t\t<div class=\"elementor-background-overlay\"><\/div>\n\t\t\t\t\t\t\t<div class=\"elementor-container elementor-column-gap-no\">\n\t\t\t\t\t<div class=\"elementor-column elementor-col-50 elementor-top-column elementor-element elementor-element-42bcca97\" data-id=\"42bcca97\" data-element_type=\"column\" data-e-type=\"column\">\n\t\t\t<div class=\"elementor-widget-wrap elementor-element-populated\">\n\t\t\t\t\t\t<div class=\"elementor-element elementor-element-7c01cd2 elementor-widget elementor-widget-image\" data-id=\"7c01cd2\" data-element_type=\"widget\" data-e-type=\"widget\" data-widget_type=\"image.default\">\n\t\t\t\t<div class=\"elementor-widget-container\">\n\t\t\t\t\t\t\t\t\t\t\t\t\t\t\t<img fetchpriority=\"high\" decoding=\"async\" width=\"893\" height=\"1263\" src=\"https:\/\/fenomena-film-production.de\/wp-content\/uploads\/2023\/01\/The-Crow-Killed-The-Cat-Fenomena-Filmproduction-Portrait-Image.jpg\" class=\"attachment-full size-full wp-image-1177\" alt=\"The Crow Killed The Cat - Fenomena Filmproduction Portrait Image\" srcset=\"https:\/\/fenomena-film-production.de\/wp-content\/uploads\/2023\/01\/The-Crow-Killed-The-Cat-Fenomena-Filmproduction-Portrait-Image.jpg 893w, https:\/\/fenomena-film-production.de\/wp-content\/uploads\/2023\/01\/The-Crow-Killed-The-Cat-Fenomena-Filmproduction-Portrait-Image-212x300.jpg 212w, https:\/\/fenomena-film-production.de\/wp-content\/uploads\/2023\/01\/The-Crow-Killed-The-Cat-Fenomena-Filmproduction-Portrait-Image-724x1024.jpg 724w, https:\/\/fenomena-film-production.de\/wp-content\/uploads\/2023\/01\/The-Crow-Killed-The-Cat-Fenomena-Filmproduction-Portrait-Image-768x1086.jpg 768w, https:\/\/fenomena-film-production.de\/wp-content\/uploads\/2023\/01\/The-Crow-Killed-The-Cat-Fenomena-Filmproduction-Portrait-Image-8x12.jpg 8w\" sizes=\"(max-width: 893px) 100vw, 893px\" \/>\t\t\t\t\t\t\t\t\t\t\t\t\t\t\t<\/div>\n\t\t\t\t<\/div>\n\t\t\t\t\t<\/div>\n\t\t<\/div>\n\t\t\t\t<div class=\"elementor-column elementor-col-50 elementor-top-column elementor-element elementor-element-353d87e2\" data-id=\"353d87e2\" data-element_type=\"column\" data-e-type=\"column\">\n\t\t\t<div class=\"elementor-widget-wrap elementor-element-populated\">\n\t\t\t\t\t\t<div class=\"elementor-element elementor-element-258973b elementor-widget elementor-widget-heading\" data-id=\"258973b\" data-element_type=\"widget\" data-e-type=\"widget\" data-widget_type=\"heading.default\">\n\t\t\t\t<div class=\"elementor-widget-container\">\n\t\t\t\t\t<h2 class=\"elementor-heading-title elementor-size-default\">The Crow Killed The Cat<\/h2>\t\t\t\t<\/div>\n\t\t\t\t<\/div>\n\t\t\t\t\t<\/div>\n\t\t<\/div>\n\t\t\t\t\t<\/div>\n\t\t<\/section>\n\t\t\t\t<section class=\"elementor-section elementor-top-section elementor-element elementor-element-665b8b7b elementor-section-content-middle elementor-section-boxed elementor-section-height-default elementor-section-height-default\" data-id=\"665b8b7b\" data-element_type=\"section\" data-e-type=\"section\" data-settings=\"{&quot;background_background&quot;:&quot;classic&quot;}\">\n\t\t\t\t\t\t\t<div class=\"elementor-background-overlay\"><\/div>\n\t\t\t\t\t\t\t<div class=\"elementor-container elementor-column-gap-no\">\n\t\t\t\t\t<div class=\"elementor-column elementor-col-50 elementor-top-column elementor-element elementor-element-47b7e3e7\" data-id=\"47b7e3e7\" data-element_type=\"column\" data-e-type=\"column\">\n\t\t\t<div class=\"elementor-widget-wrap elementor-element-populated\">\n\t\t\t\t\t\t<div class=\"elementor-element elementor-element-1f704bba elementor-widget elementor-widget-heading\" data-id=\"1f704bba\" data-element_type=\"widget\" data-e-type=\"widget\" data-widget_type=\"heading.default\">\n\t\t\t\t<div class=\"elementor-widget-container\">\n\t\t\t\t\t<h2 class=\"elementor-heading-title elementor-size-default\">\u00dcberblick<\/h2>\t\t\t\t<\/div>\n\t\t\t\t<\/div>\n\t\t\t\t<div class=\"elementor-element elementor-element-1cb21df8 elementor-widget elementor-widget-text-editor\" data-id=\"1cb21df8\" data-element_type=\"widget\" data-e-type=\"widget\" data-widget_type=\"text-editor.default\">\n\t\t\t\t<div class=\"elementor-widget-container\">\n\t\t\t\t\t\t\t\t\t<p>Wenn die Gebr\u00fcder Grimm noch leben w\u00fcrden ... w\u00fcrden sie diese Geschichte erz\u00e4hlen:<\/p><p>A story about the killed cats and a crow\u2026<\/p><p>Fenomena Film Production und subversiv-media sind in der Vorproduktion ihres ersten Spielfilmes. Ein d\u00fcsterer Noir-Thriller und ein Gangster-Drama, mit leichten Fantasy-T\u00f6nen. Im Jahr 2024, in Hamburg, k\u00e4mpft ein Polizist einen einsamen Kampf gegen die Mafia \u2013 und dabei bekommt er Hilfe von einem mysteri\u00f6sen Fremden.<\/p>\t\t\t\t\t\t\t\t<\/div>\n\t\t\t\t<\/div>\n\t\t\t\t\t<\/div>\n\t\t<\/div>\n\t\t\t\t<div class=\"elementor-column elementor-col-50 elementor-top-column elementor-element elementor-element-45e94d42\" data-id=\"45e94d42\" data-element_type=\"column\" data-e-type=\"column\">\n\t\t\t<div class=\"elementor-widget-wrap elementor-element-populated\">\n\t\t\t\t\t\t<div class=\"elementor-element elementor-element-5ef6dfca elementor-widget elementor-widget-image\" data-id=\"5ef6dfca\" data-element_type=\"widget\" data-e-type=\"widget\" data-widget_type=\"image.default\">\n\t\t\t\t<div class=\"elementor-widget-container\">\n\t\t\t\t\t\t\t\t\t\t\t\t\t\t\t<img decoding=\"async\" width=\"1024\" height=\"683\" src=\"https:\/\/fenomena-film-production.de\/wp-content\/uploads\/2023\/01\/Coming-Soon-The-Crow-Killed-The-Cat-Fenomena-Filmproduction-1024x683.jpg\" class=\"attachment-large size-large wp-image-837\" alt=\"Coming Soon - The Crow Killed The Cat - Fenomena Filmproduction\" srcset=\"https:\/\/fenomena-film-production.de\/wp-content\/uploads\/2023\/01\/Coming-Soon-The-Crow-Killed-The-Cat-Fenomena-Filmproduction-1024x683.jpg 1024w, https:\/\/fenomena-film-production.de\/wp-content\/uploads\/2023\/01\/Coming-Soon-The-Crow-Killed-The-Cat-Fenomena-Filmproduction-300x200.jpg 300w, https:\/\/fenomena-film-production.de\/wp-content\/uploads\/2023\/01\/Coming-Soon-The-Crow-Killed-The-Cat-Fenomena-Filmproduction-768x512.jpg 768w, https:\/\/fenomena-film-production.de\/wp-content\/uploads\/2023\/01\/Coming-Soon-The-Crow-Killed-The-Cat-Fenomena-Filmproduction-1536x1024.jpg 1536w, https:\/\/fenomena-film-production.de\/wp-content\/uploads\/2023\/01\/Coming-Soon-The-Crow-Killed-The-Cat-Fenomena-Filmproduction-18x12.jpg 18w, https:\/\/fenomena-film-production.de\/wp-content\/uploads\/2023\/01\/Coming-Soon-The-Crow-Killed-The-Cat-Fenomena-Filmproduction.jpg 1920w\" sizes=\"(max-width: 1024px) 100vw, 1024px\" \/>\t\t\t\t\t\t\t\t\t\t\t\t\t\t\t<\/div>\n\t\t\t\t<\/div>\n\t\t\t\t\t<\/div>\n\t\t<\/div>\n\t\t\t\t\t<\/div>\n\t\t<\/section>\n\t\t\t\t<\/div>","protected":false},"excerpt":{"rendered":"<p>The Crow Killed The Cat The Crow Killed The Cat Overview If the Brothers Grimm were still alive &#8230; they would tell this story: A story about the killed cats and a crow\u2026 Hamburg, 2024 \u2013 A cop and a mysterious gangster join forces in the fight against the mafia and trying to save the [&hellip;]<\/p>\n","protected":false},"author":1,"featured_media":0,"parent":831,"menu_order":0,"comment_status":"closed","ping_status":"closed","template":"","meta":{"site-sidebar-layout":"no-sidebar","site-content-layout":"page-builder","ast-site-content-layout":"default","site-content-style":"default","site-sidebar-style":"default","ast-global-header-display":"","ast-banner-title-visibility":"","ast-main-header-display":"","ast-hfb-above-header-display":"","ast-hfb-below-header-display":"","ast-hfb-mobile-header-display":"","site-post-title":"disabled","ast-breadcrumbs-content":"","ast-featured-img":"disabled","footer-sml-layout":"","ast-disable-related-posts":"","theme-transparent-header-meta":"","adv-header-id-meta":"","stick-header-meta":"","header-above-stick-meta":"","header-main-stick-meta":"","header-below-stick-meta":"","astra-migrate-meta-layouts":"default","ast-page-background-enabled":"default","ast-page-background-meta":{"desktop":{"background-color":"","background-image":"","background-repeat":"repeat","background-position":"center center","background-size":"auto","background-attachment":"scroll","background-type":"","background-media":"","overlay-type":"","overlay-color":"","overlay-opacity":"","overlay-gradient":""},"tablet":{"background-color":"","background-image":"","background-repeat":"repeat","background-position":"center center","background-size":"auto","background-attachment":"scroll","background-type":"","background-media":"","overlay-type":"","overlay-color":"","overlay-opacity":"","overlay-gradient":""},"mobile":{"background-color":"","background-image":"","background-repeat":"repeat","background-position":"center center","background-size":"auto","background-attachment":"scroll","background-type":"","background-media":"","overlay-type":"","overlay-color":"","overlay-opacity":"","overlay-gradient":""}},"ast-content-background-meta":{"desktop":{"background-color":"var(--ast-global-color-5)","background-image":"","background-repeat":"repeat","background-position":"center center","background-size":"auto","background-attachment":"scroll","background-type":"","background-media":"","overlay-type":"","overlay-color":"","overlay-opacity":"","overlay-gradient":""},"tablet":{"background-color":"var(--ast-global-color-5)","background-image":"","background-repeat":"repeat","background-position":"center center","background-size":"auto","background-attachment":"scroll","background-type":"","background-media":"","overlay-type":"","overlay-color":"","overlay-opacity":"","overlay-gradient":""},"mobile":{"background-color":"var(--ast-global-color-5)","background-image":"","background-repeat":"repeat","background-position":"center center","background-size":"auto","background-attachment":"scroll","background-type":"","background-media":"","overlay-type":"","overlay-color":"","overlay-opacity":"","overlay-gradient":""}},"footnotes":""},"class_list":["post-1048","page","type-page","status-publish","hentry"],"yoast_head":"<!-- This site is optimized with the Yoast SEO plugin v26.9 - https:\/\/yoast.com\/product\/yoast-seo-wordpress\/ -->\n<title>The Crow Killed The Cat - Fenomena Filmproduction<\/title>\n<meta name=\"robots\" content=\"index, follow, max-snippet:-1, max-image-preview:large, max-video-preview:-1\" \/>\n<link rel=\"canonical\" href=\"https:\/\/fenomena-film-production.de\/de\/coming-soon\/the-crow-killed-the-cat\/\" \/>\n<meta property=\"og:locale\" content=\"de_DE\" \/>\n<meta property=\"og:type\" content=\"article\" \/>\n<meta property=\"og:title\" content=\"The Crow Killed The Cat - Fenomena Filmproduction\" \/>\n<meta property=\"og:description\" content=\"The Crow Killed The Cat The Crow Killed The Cat Overview If the Brothers Grimm were still alive &#8230; they would tell this story: A story about the killed cats and a crow\u2026 Hamburg, 2024 \u2013 A cop and a mysterious gangster join forces in the fight against the mafia and trying to save the [&hellip;]\" \/>\n<meta property=\"og:url\" content=\"https:\/\/fenomena-film-production.de\/de\/coming-soon\/the-crow-killed-the-cat\/\" \/>\n<meta property=\"og:site_name\" content=\"Fenomena Filmproduction\" \/>\n<meta property=\"article:publisher\" content=\"https:\/\/www.facebook.com\/profile.php?id=100063148034314\" \/>\n<meta property=\"article:modified_time\" content=\"2023-03-29T14:30:29+00:00\" \/>\n<meta property=\"og:image\" content=\"https:\/\/fenomena-film-production.de\/wp-content\/uploads\/2023\/01\/The-Crow-Killed-The-Cat-Fenomena-Filmproduction-Portrait-Image.jpg\" \/>\n<meta name=\"twitter:card\" content=\"summary_large_image\" \/>\n<meta name=\"twitter:label1\" content=\"Gesch\u00e4tzte Lesezeit\" \/>\n\t<meta name=\"twitter:data1\" content=\"1\u00a0Minute\" \/>\n<script type=\"application\/ld+json\" class=\"yoast-schema-graph\">{\"@context\":\"https:\/\/schema.org\",\"@graph\":[{\"@type\":\"WebPage\",\"@id\":\"https:\/\/fenomena-film-production.de\/coming-soon\/the-crow-killed-the-cat\/\",\"url\":\"https:\/\/fenomena-film-production.de\/coming-soon\/the-crow-killed-the-cat\/\",\"name\":\"The Crow Killed The Cat - Fenomena Filmproduction\",\"isPartOf\":{\"@id\":\"https:\/\/fenomena-film-production.de\/#website\"},\"primaryImageOfPage\":{\"@id\":\"https:\/\/fenomena-film-production.de\/coming-soon\/the-crow-killed-the-cat\/#primaryimage\"},\"image\":{\"@id\":\"https:\/\/fenomena-film-production.de\/coming-soon\/the-crow-killed-the-cat\/#primaryimage\"},\"thumbnailUrl\":\"https:\/\/fenomena-film-production.de\/wp-content\/uploads\/2023\/01\/The-Crow-Killed-The-Cat-Fenomena-Filmproduction-Portrait-Image.jpg\",\"datePublished\":\"2023-01-06T16:35:30+00:00\",\"dateModified\":\"2023-03-29T14:30:29+00:00\",\"breadcrumb\":{\"@id\":\"https:\/\/fenomena-film-production.de\/coming-soon\/the-crow-killed-the-cat\/#breadcrumb\"},\"inLanguage\":\"de\",\"potentialAction\":[{\"@type\":\"ReadAction\",\"target\":[\"https:\/\/fenomena-film-production.de\/coming-soon\/the-crow-killed-the-cat\/\"]}]},{\"@type\":\"ImageObject\",\"inLanguage\":\"de\",\"@id\":\"https:\/\/fenomena-film-production.de\/coming-soon\/the-crow-killed-the-cat\/#primaryimage\",\"url\":\"https:\/\/fenomena-film-production.de\/wp-content\/uploads\/2023\/01\/The-Crow-Killed-The-Cat-Fenomena-Filmproduction-Portrait-Image.jpg\",\"contentUrl\":\"https:\/\/fenomena-film-production.de\/wp-content\/uploads\/2023\/01\/The-Crow-Killed-The-Cat-Fenomena-Filmproduction-Portrait-Image.jpg\"},{\"@type\":\"BreadcrumbList\",\"@id\":\"https:\/\/fenomena-film-production.de\/coming-soon\/the-crow-killed-the-cat\/#breadcrumb\",\"itemListElement\":[{\"@type\":\"ListItem\",\"position\":1,\"name\":\"Home\",\"item\":\"https:\/\/fenomena-film-production.de\/\"},{\"@type\":\"ListItem\",\"position\":2,\"name\":\"Coming Soon\",\"item\":\"https:\/\/fenomena-film-production.de\/coming-soon\/\"},{\"@type\":\"ListItem\",\"position\":3,\"name\":\"The Crow Killed The Cat\"}]},{\"@type\":\"WebSite\",\"@id\":\"https:\/\/fenomena-film-production.de\/#website\",\"url\":\"https:\/\/fenomena-film-production.de\/\",\"name\":\"Fenomena Filmproduction\",\"description\":\"\",\"publisher\":{\"@id\":\"https:\/\/fenomena-film-production.de\/#organization\"},\"potentialAction\":[{\"@type\":\"SearchAction\",\"target\":{\"@type\":\"EntryPoint\",\"urlTemplate\":\"https:\/\/fenomena-film-production.de\/?s={search_term_string}\"},\"query-input\":{\"@type\":\"PropertyValueSpecification\",\"valueRequired\":true,\"valueName\":\"search_term_string\"}}],\"inLanguage\":\"de\"},{\"@type\":\"Organization\",\"@id\":\"https:\/\/fenomena-film-production.de\/#organization\",\"name\":\"Fenomena Filmproduction\",\"url\":\"https:\/\/fenomena-film-production.de\/\",\"logo\":{\"@type\":\"ImageObject\",\"inLanguage\":\"de\",\"@id\":\"https:\/\/fenomena-film-production.de\/#\/schema\/logo\/image\/\",\"url\":\"https:\/\/fenomena-film-production.de\/wp-content\/uploads\/2023\/01\/Fenomena-Film-Production-Header-Logo.png\",\"contentUrl\":\"https:\/\/fenomena-film-production.de\/wp-content\/uploads\/2023\/01\/Fenomena-Film-Production-Header-Logo.png\",\"width\":450,\"height\":250,\"caption\":\"Fenomena Filmproduction\"},\"image\":{\"@id\":\"https:\/\/fenomena-film-production.de\/#\/schema\/logo\/image\/\"},\"sameAs\":[\"https:\/\/www.facebook.com\/profile.php?id=100063148034314\",\"https:\/\/www.instagram.com\/fenomena_film_produktion\/\"]}]}<\/script>\n<!-- \/ Yoast SEO plugin. -->","yoast_head_json":{"title":"The Crow Killed The Cat - Fenomena Filmproduction","robots":{"index":"index","follow":"follow","max-snippet":"max-snippet:-1","max-image-preview":"max-image-preview:large","max-video-preview":"max-video-preview:-1"},"canonical":"https:\/\/fenomena-film-production.de\/de\/coming-soon\/the-crow-killed-the-cat\/","og_locale":"de_DE","og_type":"article","og_title":"The Crow Killed The Cat - Fenomena Filmproduction","og_description":"The Crow Killed The Cat The Crow Killed The Cat Overview If the Brothers Grimm were still alive &#8230; they would tell this story: A story about the killed cats and a crow\u2026 Hamburg, 2024 \u2013 A cop and a mysterious gangster join forces in the fight against the mafia and trying to save the [&hellip;]","og_url":"https:\/\/fenomena-film-production.de\/de\/coming-soon\/the-crow-killed-the-cat\/","og_site_name":"Fenomena Filmproduction","article_publisher":"https:\/\/www.facebook.com\/profile.php?id=100063148034314","article_modified_time":"2023-03-29T14:30:29+00:00","og_image":[{"url":"https:\/\/fenomena-film-production.de\/wp-content\/uploads\/2023\/01\/The-Crow-Killed-The-Cat-Fenomena-Filmproduction-Portrait-Image.jpg","type":"","width":"","height":""}],"twitter_card":"summary_large_image","twitter_misc":{"Gesch\u00e4tzte Lesezeit":"1\u00a0Minute"},"schema":{"@context":"https:\/\/schema.org","@graph":[{"@type":"WebPage","@id":"https:\/\/fenomena-film-production.de\/coming-soon\/the-crow-killed-the-cat\/","url":"https:\/\/fenomena-film-production.de\/coming-soon\/the-crow-killed-the-cat\/","name":"The Crow Killed The Cat - Fenomena Filmproduction","isPartOf":{"@id":"https:\/\/fenomena-film-production.de\/#website"},"primaryImageOfPage":{"@id":"https:\/\/fenomena-film-production.de\/coming-soon\/the-crow-killed-the-cat\/#primaryimage"},"image":{"@id":"https:\/\/fenomena-film-production.de\/coming-soon\/the-crow-killed-the-cat\/#primaryimage"},"thumbnailUrl":"https:\/\/fenomena-film-production.de\/wp-content\/uploads\/2023\/01\/The-Crow-Killed-The-Cat-Fenomena-Filmproduction-Portrait-Image.jpg","datePublished":"2023-01-06T16:35:30+00:00","dateModified":"2023-03-29T14:30:29+00:00","breadcrumb":{"@id":"https:\/\/fenomena-film-production.de\/coming-soon\/the-crow-killed-the-cat\/#breadcrumb"},"inLanguage":"de","potentialAction":[{"@type":"ReadAction","target":["https:\/\/fenomena-film-production.de\/coming-soon\/the-crow-killed-the-cat\/"]}]},{"@type":"ImageObject","inLanguage":"de","@id":"https:\/\/fenomena-film-production.de\/coming-soon\/the-crow-killed-the-cat\/#primaryimage","url":"https:\/\/fenomena-film-production.de\/wp-content\/uploads\/2023\/01\/The-Crow-Killed-The-Cat-Fenomena-Filmproduction-Portrait-Image.jpg","contentUrl":"https:\/\/fenomena-film-production.de\/wp-content\/uploads\/2023\/01\/The-Crow-Killed-The-Cat-Fenomena-Filmproduction-Portrait-Image.jpg"},{"@type":"BreadcrumbList","@id":"https:\/\/fenomena-film-production.de\/coming-soon\/the-crow-killed-the-cat\/#breadcrumb","itemListElement":[{"@type":"ListItem","position":1,"name":"Home","item":"https:\/\/fenomena-film-production.de\/"},{"@type":"ListItem","position":2,"name":"Coming Soon","item":"https:\/\/fenomena-film-production.de\/coming-soon\/"},{"@type":"ListItem","position":3,"name":"The Crow Killed The Cat"}]},{"@type":"WebSite","@id":"https:\/\/fenomena-film-production.de\/#website","url":"https:\/\/fenomena-film-production.de\/","name":"Fenomena Filmproduction","description":"","publisher":{"@id":"https:\/\/fenomena-film-production.de\/#organization"},"potentialAction":[{"@type":"SearchAction","target":{"@type":"EntryPoint","urlTemplate":"https:\/\/fenomena-film-production.de\/?s={search_term_string}"},"query-input":{"@type":"PropertyValueSpecification","valueRequired":true,"valueName":"search_term_string"}}],"inLanguage":"de"},{"@type":"Organization","@id":"https:\/\/fenomena-film-production.de\/#organization","name":"Fenomena Filmproduction","url":"https:\/\/fenomena-film-production.de\/","logo":{"@type":"ImageObject","inLanguage":"de","@id":"https:\/\/fenomena-film-production.de\/#\/schema\/logo\/image\/","url":"https:\/\/fenomena-film-production.de\/wp-content\/uploads\/2023\/01\/Fenomena-Film-Production-Header-Logo.png","contentUrl":"https:\/\/fenomena-film-production.de\/wp-content\/uploads\/2023\/01\/Fenomena-Film-Production-Header-Logo.png","width":450,"height":250,"caption":"Fenomena Filmproduction"},"image":{"@id":"https:\/\/fenomena-film-production.de\/#\/schema\/logo\/image\/"},"sameAs":["https:\/\/www.facebook.com\/profile.php?id=100063148034314","https:\/\/www.instagram.com\/fenomena_film_produktion\/"]}]}},"_links":{"self":[{"href":"https:\/\/fenomena-film-production.de\/de\/wp-json\/wp\/v2\/pages\/1048","targetHints":{"allow":["GET"]}}],"collection":[{"href":"https:\/\/fenomena-film-production.de\/de\/wp-json\/wp\/v2\/pages"}],"about":[{"href":"https:\/\/fenomena-film-production.de\/de\/wp-json\/wp\/v2\/types\/page"}],"author":[{"embeddable":true,"href":"https:\/\/fenomena-film-production.de\/de\/wp-json\/wp\/v2\/users\/1"}],"replies":[{"embeddable":true,"href":"https:\/\/fenomena-film-production.de\/de\/wp-json\/wp\/v2\/comments?post=1048"}],"version-history":[{"count":37,"href":"https:\/\/fenomena-film-production.de\/de\/wp-json\/wp\/v2\/pages\/1048\/revisions"}],"predecessor-version":[{"id":1753,"href":"https:\/\/fenomena-film-production.de\/de\/wp-json\/wp\/v2\/pages\/1048\/revisions\/1753"}],"up":[{"embeddable":true,"href":"https:\/\/fenomena-film-production.de\/de\/wp-json\/wp\/v2\/pages\/831"}],"wp:attachment":[{"href":"https:\/\/fenomena-film-production.de\/de\/wp-json\/wp\/v2\/media?parent=1048"}],"curies":[{"name":"wp","href":"https:\/\/api.w.org\/{rel}","templated":true}]}}