{"id":1036,"date":"2023-01-06T16:27:48","date_gmt":"2023-01-06T16:27:48","guid":{"rendered":"https:\/\/fenomena-film-production.de\/?page_id=1036"},"modified":"2024-07-17T07:52:06","modified_gmt":"2024-07-17T07:52:06","slug":"the-golden-years","status":"publish","type":"page","link":"https:\/\/fenomena-film-production.de\/de\/coming-soon\/the-golden-years\/","title":{"rendered":"The Golden Years"},"content":{"rendered":"<div data-elementor-type=\"wp-page\" data-elementor-id=\"1036\" class=\"elementor elementor-1036\">\n\t\t\t\t\t\t<section class=\"elementor-section elementor-top-section elementor-element elementor-element-bca537d elementor-section-boxed elementor-section-height-default elementor-section-height-default\" data-id=\"bca537d\" data-element_type=\"section\" data-e-type=\"section\" data-settings=\"{&quot;background_background&quot;:&quot;classic&quot;}\">\n\t\t\t\t\t\t\t<div class=\"elementor-background-overlay\"><\/div>\n\t\t\t\t\t\t\t<div class=\"elementor-container elementor-column-gap-no\">\n\t\t\t\t\t<div class=\"elementor-column elementor-col-100 elementor-top-column elementor-element elementor-element-29c5766e\" data-id=\"29c5766e\" data-element_type=\"column\" data-e-type=\"column\">\n\t\t\t<div class=\"elementor-widget-wrap elementor-element-populated\">\n\t\t\t\t\t\t<div class=\"elementor-element elementor-element-62e11bd7 elementor-widget elementor-widget-heading\" data-id=\"62e11bd7\" data-element_type=\"widget\" data-e-type=\"widget\" data-widget_type=\"heading.default\">\n\t\t\t\t<div class=\"elementor-widget-container\">\n\t\t\t\t\t<h1 class=\"elementor-heading-title elementor-size-default\">The Golden Years<\/h1>\t\t\t\t<\/div>\n\t\t\t\t<\/div>\n\t\t\t\t<div class=\"elementor-element elementor-element-cef8ebb elementor-widget-divider--view-line elementor-widget elementor-widget-divider\" data-id=\"cef8ebb\" data-element_type=\"widget\" data-e-type=\"widget\" data-widget_type=\"divider.default\">\n\t\t\t\t<div class=\"elementor-widget-container\">\n\t\t\t\t\t\t\t<div class=\"elementor-divider\">\n\t\t\t<span class=\"elementor-divider-separator\">\n\t\t\t\t\t\t<\/span>\n\t\t<\/div>\n\t\t\t\t\t\t<\/div>\n\t\t\t\t<\/div>\n\t\t\t\t\t<\/div>\n\t\t<\/div>\n\t\t\t\t\t<\/div>\n\t\t<\/section>\n\t\t\t\t<section class=\"elementor-section elementor-top-section elementor-element elementor-element-cf6c387 elementor-section-content-middle elementor-section-boxed elementor-section-height-default elementor-section-height-default\" data-id=\"cf6c387\" data-element_type=\"section\" data-e-type=\"section\" data-settings=\"{&quot;background_background&quot;:&quot;classic&quot;}\">\n\t\t\t\t\t\t\t<div class=\"elementor-background-overlay\"><\/div>\n\t\t\t\t\t\t\t<div class=\"elementor-container elementor-column-gap-no\">\n\t\t\t\t\t<div class=\"elementor-column elementor-col-50 elementor-top-column elementor-element elementor-element-52669abc\" data-id=\"52669abc\" data-element_type=\"column\" data-e-type=\"column\">\n\t\t\t<div class=\"elementor-widget-wrap elementor-element-populated\">\n\t\t\t\t\t\t<div class=\"elementor-element elementor-element-453054e elementor-widget elementor-widget-video\" data-id=\"453054e\" data-element_type=\"widget\" data-e-type=\"widget\" data-settings=\"{&quot;video_type&quot;:&quot;hosted&quot;,&quot;controls&quot;:&quot;yes&quot;}\" data-widget_type=\"video.default\">\n\t\t\t\t<div class=\"elementor-widget-container\">\n\t\t\t\t\t\t\t<div class=\"e-hosted-video elementor-wrapper elementor-open-inline\">\n\t\t\t\t\t<video class=\"elementor-video\" src=\"https:\/\/fenomena-film-production.de\/wp-content\/uploads\/2023\/01\/Otto_Retzer_SAW_Quoten_131022-3.mp4\" controls=\"\" preload=\"metadata\" controlslist=\"nodownload\" poster=\"https:\/\/fenomena-film-production.de\/wp-content\/uploads\/2023\/01\/Otto-W.-Retzer.jpg\"><\/video>\n\t\t\t\t<\/div>\n\t\t\t\t\t\t<\/div>\n\t\t\t\t<\/div>\n\t\t\t\t\t<\/div>\n\t\t<\/div>\n\t\t\t\t<div class=\"elementor-column elementor-col-50 elementor-top-column elementor-element elementor-element-64b1a65e\" data-id=\"64b1a65e\" data-element_type=\"column\" data-e-type=\"column\">\n\t\t\t<div class=\"elementor-widget-wrap elementor-element-populated\">\n\t\t\t\t\t\t<div class=\"elementor-element elementor-element-2c0b0d5e elementor-widget elementor-widget-heading\" data-id=\"2c0b0d5e\" data-element_type=\"widget\" data-e-type=\"widget\" data-widget_type=\"heading.default\">\n\t\t\t\t<div class=\"elementor-widget-container\">\n\t\t\t\t\t<h2 class=\"elementor-heading-title elementor-size-default\">The Golden Years<\/h2>\t\t\t\t<\/div>\n\t\t\t\t<\/div>\n\t\t\t\t<div class=\"elementor-element elementor-element-a3d8ff3 elementor-widget elementor-widget-text-editor\" data-id=\"a3d8ff3\" data-element_type=\"widget\" data-e-type=\"widget\" data-widget_type=\"text-editor.default\">\n\t\t\t\t<div class=\"elementor-widget-container\">\n\t\t\t\t\t\t\t\t\t<p>Die Dokumentation \u00fcber den deutschen Genrefilm der Jahre 1960-1990 besch\u00e4ftigt sich mit der prallen Popularit\u00e4t, die diese Filme ausgemacht haben. Interviews mit Thomas Gottschalk, Mike Kr\u00fcger, Ottfried Fischer, Julia Kent, Otto Retzer, Ankie Beilke-Lau, Jonny J\u00fcrgens, Katja Bienert und Markus (Gib Gas, ich will Spa\u00df) sind bereits abgedreht.<\/p>\t\t\t\t\t\t\t\t<\/div>\n\t\t\t\t<\/div>\n\t\t\t\t\t<\/div>\n\t\t<\/div>\n\t\t\t\t\t<\/div>\n\t\t<\/section>\n\t\t<div class=\"elementor-element elementor-element-17716ba e-grid e-con-boxed e-con e-parent\" data-id=\"17716ba\" data-element_type=\"container\" data-e-type=\"container\" data-settings=\"{&quot;background_background&quot;:&quot;classic&quot;}\">\n\t\t\t\t\t<div class=\"e-con-inner\">\n\t\t<div class=\"elementor-element elementor-element-4a672ba e-flex e-con-boxed e-con e-child\" data-id=\"4a672ba\" data-element_type=\"container\" data-e-type=\"container\">\n\t\t\t\t\t<div class=\"e-con-inner\">\n\t\t\t\t<div class=\"elementor-element elementor-element-8b7658d elementor-widget elementor-widget-video\" data-id=\"8b7658d\" data-element_type=\"widget\" data-e-type=\"widget\" data-settings=\"{&quot;video_type&quot;:&quot;hosted&quot;,&quot;controls&quot;:&quot;yes&quot;}\" data-widget_type=\"video.default\">\n\t\t\t\t<div class=\"elementor-widget-container\">\n\t\t\t\t\t\t\t<div class=\"e-hosted-video elementor-wrapper elementor-open-inline\">\n\t\t\t\t\t<video class=\"elementor-video\" src=\"https:\/\/fenomena-film-production.de\/wp-content\/uploads\/2023\/01\/Lau_Einsteiger_131022.mp4\" controls=\"\" preload=\"metadata\" controlslist=\"nodownload\" poster=\"https:\/\/fenomena-film-production.de\/wp-content\/uploads\/2023\/01\/Ankie-Lau.jpg\"><\/video>\n\t\t\t\t<\/div>\n\t\t\t\t\t\t<\/div>\n\t\t\t\t<\/div>\n\t\t\t\t\t<\/div>\n\t\t\t\t<\/div>\n\t\t<div class=\"elementor-element elementor-element-8f58773 e-flex e-con-boxed e-con e-child\" data-id=\"8f58773\" data-element_type=\"container\" data-e-type=\"container\">\n\t\t\t\t\t<div class=\"e-con-inner\">\n\t\t\t\t<div class=\"elementor-element elementor-element-3751f7f elementor-widget elementor-widget-video\" data-id=\"3751f7f\" data-element_type=\"widget\" data-e-type=\"widget\" data-settings=\"{&quot;video_type&quot;:&quot;hosted&quot;,&quot;controls&quot;:&quot;yes&quot;}\" data-widget_type=\"video.default\">\n\t\t\t\t<div class=\"elementor-widget-container\">\n\t\t\t\t\t\t\t<div class=\"e-hosted-video elementor-wrapper elementor-open-inline\">\n\t\t\t\t\t<video class=\"elementor-video\" src=\"https:\/\/fenomena-film-production.de\/wp-content\/uploads\/2023\/01\/Gottschalk_Kruger_Filme_131022.mp4\" controls=\"\" preload=\"metadata\" controlslist=\"nodownload\" poster=\"https:\/\/fenomena-film-production.de\/wp-content\/uploads\/2023\/01\/Gottschalk_Kruger_Filme.jpg\"><\/video>\n\t\t\t\t<\/div>\n\t\t\t\t\t\t<\/div>\n\t\t\t\t<\/div>\n\t\t\t\t\t<\/div>\n\t\t\t\t<\/div>\n\t\t<div class=\"elementor-element elementor-element-28947a4 e-flex e-con-boxed e-con e-child\" data-id=\"28947a4\" data-element_type=\"container\" data-e-type=\"container\">\n\t\t\t\t\t<div class=\"e-con-inner\">\n\t\t\t\t<div class=\"elementor-element elementor-element-c8bab6a elementor-widget elementor-widget-video\" data-id=\"c8bab6a\" data-element_type=\"widget\" data-e-type=\"widget\" data-settings=\"{&quot;video_type&quot;:&quot;hosted&quot;,&quot;controls&quot;:&quot;yes&quot;}\" data-widget_type=\"video.default\">\n\t\t\t\t<div class=\"elementor-widget-container\">\n\t\t\t\t\t\t\t<div class=\"e-hosted-video elementor-wrapper elementor-open-inline\">\n\t\t\t\t\t<video class=\"elementor-video\" src=\"https:\/\/fenomena-film-production.de\/wp-content\/uploads\/2023\/01\/Jurgens_Film_131022.mp4\" controls=\"\" preload=\"metadata\" controlslist=\"nodownload\" poster=\"https:\/\/fenomena-film-production.de\/wp-content\/uploads\/2023\/01\/John-Jurgens.jpg\"><\/video>\n\t\t\t\t<\/div>\n\t\t\t\t\t\t<\/div>\n\t\t\t\t<\/div>\n\t\t\t\t\t<\/div>\n\t\t\t\t<\/div>\n\t\t<div class=\"elementor-element elementor-element-8656ba4 e-flex e-con-boxed e-con e-child\" data-id=\"8656ba4\" data-element_type=\"container\" data-e-type=\"container\">\n\t\t\t\t\t<div class=\"e-con-inner\">\n\t\t\t\t<div class=\"elementor-element elementor-element-502b08c elementor-widget elementor-widget-video\" data-id=\"502b08c\" data-element_type=\"widget\" data-e-type=\"widget\" data-settings=\"{&quot;video_type&quot;:&quot;hosted&quot;,&quot;controls&quot;:&quot;yes&quot;}\" data-widget_type=\"video.default\">\n\t\t\t\t<div class=\"elementor-widget-container\">\n\t\t\t\t\t\t\t<div class=\"e-hosted-video elementor-wrapper elementor-open-inline\">\n\t\t\t\t\t<video class=\"elementor-video\" src=\"https:\/\/fenomena-film-production.de\/wp-content\/uploads\/2023\/01\/Fischer_Seriendarsteller.mov\" controls=\"\" preload=\"metadata\" controlslist=\"nodownload\" poster=\"https:\/\/fenomena-film-production.de\/wp-content\/uploads\/2023\/01\/Ottfried-Fischer.jpg\"><\/video>\n\t\t\t\t<\/div>\n\t\t\t\t\t\t<\/div>\n\t\t\t\t<\/div>\n\t\t\t\t\t<\/div>\n\t\t\t\t<\/div>\n\t\t<div class=\"elementor-element elementor-element-ef52bad e-flex e-con-boxed e-con e-child\" data-id=\"ef52bad\" data-element_type=\"container\" data-e-type=\"container\">\n\t\t\t\t\t<div class=\"e-con-inner\">\n\t\t\t\t<div class=\"elementor-element elementor-element-633d50c elementor-widget elementor-widget-video\" data-id=\"633d50c\" data-element_type=\"widget\" data-e-type=\"widget\" data-settings=\"{&quot;video_type&quot;:&quot;hosted&quot;,&quot;controls&quot;:&quot;yes&quot;}\" data-widget_type=\"video.default\">\n\t\t\t\t<div class=\"elementor-widget-container\">\n\t\t\t\t\t\t\t<div class=\"e-hosted-video elementor-wrapper elementor-open-inline\">\n\t\t\t\t\t<video class=\"elementor-video\" src=\"https:\/\/fenomena-film-production.de\/wp-content\/uploads\/2023\/01\/Julia-Kent-Interview-Ausschnitt.mp4\" controls=\"\" preload=\"metadata\" controlslist=\"nodownload\" poster=\"https:\/\/fenomena-film-production.de\/wp-content\/uploads\/2023\/01\/Julia-Kent-Schauspielerin.jpg\"><\/video>\n\t\t\t\t<\/div>\n\t\t\t\t\t\t<\/div>\n\t\t\t\t<\/div>\n\t\t\t\t\t<\/div>\n\t\t\t\t<\/div>\n\t\t\t\t<div class=\"elementor-element elementor-element-ee02434 elementor-widget elementor-widget-video\" data-id=\"ee02434\" data-element_type=\"widget\" data-e-type=\"widget\" data-settings=\"{&quot;video_type&quot;:&quot;hosted&quot;,&quot;controls&quot;:&quot;yes&quot;}\" data-widget_type=\"video.default\">\n\t\t\t\t<div class=\"elementor-widget-container\">\n\t\t\t\t\t\t\t<div class=\"e-hosted-video elementor-wrapper elementor-open-inline\">\n\t\t\t\t\t<video class=\"elementor-video\" src=\"https:\/\/fenomena-film-production.de\/wp-content\/uploads\/2024\/07\/Horst-Janson.mp4\" controls=\"\" preload=\"metadata\" controlslist=\"nodownload\"><\/video>\n\t\t\t\t<\/div>\n\t\t\t\t\t\t<\/div>\n\t\t\t\t<\/div>\n\t\t\t\t\t<\/div>\n\t\t\t\t<\/div>\n\t\t\t\t<\/div>","protected":false},"excerpt":{"rendered":"<p>The Golden Years https:\/\/fenomena-film-production.de\/wp-content\/uploads\/2023\/01\/Otto_Retzer_SAW_Quoten_131022-3.mp4 The Golden Years Die Dokumentation \u00fcber den deutschen Genrefilm der Jahre 1960-1990 besch\u00e4ftigt sich mit der prallen Popularit\u00e4t, die diese Filme ausgemacht haben. Interviews mit Thomas Gottschalk, Mike Kr\u00fcger, Ottfried Fischer, Julia Kent, Otto Retzer, Ankie Beilke-Lau, Jonny J\u00fcrgens, Katja Bienert und Markus (Gib Gas, ich will Spa\u00df) sind bereits abgedreht. [&hellip;]<\/p>\n","protected":false},"author":1,"featured_media":0,"parent":831,"menu_order":0,"comment_status":"closed","ping_status":"closed","template":"","meta":{"site-sidebar-layout":"no-sidebar","site-content-layout":"page-builder","ast-site-content-layout":"default","site-content-style":"default","site-sidebar-style":"default","ast-global-header-display":"","ast-banner-title-visibility":"","ast-main-header-display":"","ast-hfb-above-header-display":"","ast-hfb-below-header-display":"","ast-hfb-mobile-header-display":"","site-post-title":"disabled","ast-breadcrumbs-content":"","ast-featured-img":"disabled","footer-sml-layout":"","ast-disable-related-posts":"","theme-transparent-header-meta":"","adv-header-id-meta":"","stick-header-meta":"","header-above-stick-meta":"","header-main-stick-meta":"","header-below-stick-meta":"","astra-migrate-meta-layouts":"default","ast-page-background-enabled":"default","ast-page-background-meta":{"desktop":{"background-color":"","background-image":"","background-repeat":"repeat","background-position":"center center","background-size":"auto","background-attachment":"scroll","background-type":"","background-media":"","overlay-type":"","overlay-color":"","overlay-opacity":"","overlay-gradient":""},"tablet":{"background-color":"","background-image":"","background-repeat":"repeat","background-position":"center center","background-size":"auto","background-attachment":"scroll","background-type":"","background-media":"","overlay-type":"","overlay-color":"","overlay-opacity":"","overlay-gradient":""},"mobile":{"background-color":"","background-image":"","background-repeat":"repeat","background-position":"center center","background-size":"auto","background-attachment":"scroll","background-type":"","background-media":"","overlay-type":"","overlay-color":"","overlay-opacity":"","overlay-gradient":""}},"ast-content-background-meta":{"desktop":{"background-color":"var(--ast-global-color-5)","background-image":"","background-repeat":"repeat","background-position":"center center","background-size":"auto","background-attachment":"scroll","background-type":"","background-media":"","overlay-type":"","overlay-color":"","overlay-opacity":"","overlay-gradient":""},"tablet":{"background-color":"var(--ast-global-color-5)","background-image":"","background-repeat":"repeat","background-position":"center center","background-size":"auto","background-attachment":"scroll","background-type":"","background-media":"","overlay-type":"","overlay-color":"","overlay-opacity":"","overlay-gradient":""},"mobile":{"background-color":"var(--ast-global-color-5)","background-image":"","background-repeat":"repeat","background-position":"center center","background-size":"auto","background-attachment":"scroll","background-type":"","background-media":"","overlay-type":"","overlay-color":"","overlay-opacity":"","overlay-gradient":""}},"footnotes":""},"class_list":["post-1036","page","type-page","status-publish","hentry"],"yoast_head":"<!-- This site is optimized with the Yoast SEO plugin v26.9 - https:\/\/yoast.com\/product\/yoast-seo-wordpress\/ -->\n<title>The Golden Years - Fenomena Filmproduction<\/title>\n<meta name=\"robots\" content=\"index, follow, max-snippet:-1, max-image-preview:large, max-video-preview:-1\" \/>\n<link rel=\"canonical\" href=\"https:\/\/fenomena-film-production.de\/de\/coming-soon\/the-golden-years\/\" \/>\n<meta property=\"og:locale\" content=\"de_DE\" \/>\n<meta property=\"og:type\" content=\"article\" \/>\n<meta property=\"og:title\" content=\"The Golden Years - Fenomena Filmproduction\" \/>\n<meta property=\"og:description\" content=\"The Golden Years https:\/\/fenomena-film-production.de\/wp-content\/uploads\/2023\/01\/Otto_Retzer_SAW_Quoten_131022-3.mp4 The Golden Years Die Dokumentation \u00fcber den deutschen Genrefilm der Jahre 1960-1990 besch\u00e4ftigt sich mit der prallen Popularit\u00e4t, die diese Filme ausgemacht haben. Interviews mit Thomas Gottschalk, Mike Kr\u00fcger, Ottfried Fischer, Julia Kent, Otto Retzer, Ankie Beilke-Lau, Jonny J\u00fcrgens, Katja Bienert und Markus (Gib Gas, ich will Spa\u00df) sind bereits abgedreht. [&hellip;]\" \/>\n<meta property=\"og:url\" content=\"https:\/\/fenomena-film-production.de\/de\/coming-soon\/the-golden-years\/\" \/>\n<meta property=\"og:site_name\" content=\"Fenomena Filmproduction\" \/>\n<meta property=\"article:publisher\" content=\"https:\/\/www.facebook.com\/profile.php?id=100063148034314\" \/>\n<meta property=\"article:modified_time\" content=\"2024-07-17T07:52:06+00:00\" \/>\n<meta name=\"twitter:card\" content=\"summary_large_image\" \/>\n<meta name=\"twitter:label1\" content=\"Gesch\u00e4tzte Lesezeit\" \/>\n\t<meta name=\"twitter:data1\" content=\"1\u00a0Minute\" \/>\n<script type=\"application\/ld+json\" class=\"yoast-schema-graph\">{\"@context\":\"https:\/\/schema.org\",\"@graph\":[{\"@type\":\"WebPage\",\"@id\":\"https:\/\/fenomena-film-production.de\/coming-soon\/the-golden-years\/\",\"url\":\"https:\/\/fenomena-film-production.de\/coming-soon\/the-golden-years\/\",\"name\":\"The Golden Years - Fenomena Filmproduction\",\"isPartOf\":{\"@id\":\"https:\/\/fenomena-film-production.de\/#website\"},\"datePublished\":\"2023-01-06T16:27:48+00:00\",\"dateModified\":\"2024-07-17T07:52:06+00:00\",\"breadcrumb\":{\"@id\":\"https:\/\/fenomena-film-production.de\/coming-soon\/the-golden-years\/#breadcrumb\"},\"inLanguage\":\"de\",\"potentialAction\":[{\"@type\":\"ReadAction\",\"target\":[\"https:\/\/fenomena-film-production.de\/coming-soon\/the-golden-years\/\"]}]},{\"@type\":\"BreadcrumbList\",\"@id\":\"https:\/\/fenomena-film-production.de\/coming-soon\/the-golden-years\/#breadcrumb\",\"itemListElement\":[{\"@type\":\"ListItem\",\"position\":1,\"name\":\"Home\",\"item\":\"https:\/\/fenomena-film-production.de\/\"},{\"@type\":\"ListItem\",\"position\":2,\"name\":\"Coming Soon\",\"item\":\"https:\/\/fenomena-film-production.de\/coming-soon\/\"},{\"@type\":\"ListItem\",\"position\":3,\"name\":\"The Golden Years\"}]},{\"@type\":\"WebSite\",\"@id\":\"https:\/\/fenomena-film-production.de\/#website\",\"url\":\"https:\/\/fenomena-film-production.de\/\",\"name\":\"Fenomena Filmproduction\",\"description\":\"\",\"publisher\":{\"@id\":\"https:\/\/fenomena-film-production.de\/#organization\"},\"potentialAction\":[{\"@type\":\"SearchAction\",\"target\":{\"@type\":\"EntryPoint\",\"urlTemplate\":\"https:\/\/fenomena-film-production.de\/?s={search_term_string}\"},\"query-input\":{\"@type\":\"PropertyValueSpecification\",\"valueRequired\":true,\"valueName\":\"search_term_string\"}}],\"inLanguage\":\"de\"},{\"@type\":\"Organization\",\"@id\":\"https:\/\/fenomena-film-production.de\/#organization\",\"name\":\"Fenomena Filmproduction\",\"url\":\"https:\/\/fenomena-film-production.de\/\",\"logo\":{\"@type\":\"ImageObject\",\"inLanguage\":\"de\",\"@id\":\"https:\/\/fenomena-film-production.de\/#\/schema\/logo\/image\/\",\"url\":\"https:\/\/fenomena-film-production.de\/wp-content\/uploads\/2023\/01\/Fenomena-Film-Production-Header-Logo.png\",\"contentUrl\":\"https:\/\/fenomena-film-production.de\/wp-content\/uploads\/2023\/01\/Fenomena-Film-Production-Header-Logo.png\",\"width\":450,\"height\":250,\"caption\":\"Fenomena Filmproduction\"},\"image\":{\"@id\":\"https:\/\/fenomena-film-production.de\/#\/schema\/logo\/image\/\"},\"sameAs\":[\"https:\/\/www.facebook.com\/profile.php?id=100063148034314\",\"https:\/\/www.instagram.com\/fenomena_film_produktion\/\"]}]}<\/script>\n<!-- \/ Yoast SEO plugin. -->","yoast_head_json":{"title":"The Golden Years - Fenomena Filmproduction","robots":{"index":"index","follow":"follow","max-snippet":"max-snippet:-1","max-image-preview":"max-image-preview:large","max-video-preview":"max-video-preview:-1"},"canonical":"https:\/\/fenomena-film-production.de\/de\/coming-soon\/the-golden-years\/","og_locale":"de_DE","og_type":"article","og_title":"The Golden Years - Fenomena Filmproduction","og_description":"The Golden Years https:\/\/fenomena-film-production.de\/wp-content\/uploads\/2023\/01\/Otto_Retzer_SAW_Quoten_131022-3.mp4 The Golden Years Die Dokumentation \u00fcber den deutschen Genrefilm der Jahre 1960-1990 besch\u00e4ftigt sich mit der prallen Popularit\u00e4t, die diese Filme ausgemacht haben. Interviews mit Thomas Gottschalk, Mike Kr\u00fcger, Ottfried Fischer, Julia Kent, Otto Retzer, Ankie Beilke-Lau, Jonny J\u00fcrgens, Katja Bienert und Markus (Gib Gas, ich will Spa\u00df) sind bereits abgedreht. [&hellip;]","og_url":"https:\/\/fenomena-film-production.de\/de\/coming-soon\/the-golden-years\/","og_site_name":"Fenomena Filmproduction","article_publisher":"https:\/\/www.facebook.com\/profile.php?id=100063148034314","article_modified_time":"2024-07-17T07:52:06+00:00","twitter_card":"summary_large_image","twitter_misc":{"Gesch\u00e4tzte Lesezeit":"1\u00a0Minute"},"schema":{"@context":"https:\/\/schema.org","@graph":[{"@type":"WebPage","@id":"https:\/\/fenomena-film-production.de\/coming-soon\/the-golden-years\/","url":"https:\/\/fenomena-film-production.de\/coming-soon\/the-golden-years\/","name":"The Golden Years - Fenomena Filmproduction","isPartOf":{"@id":"https:\/\/fenomena-film-production.de\/#website"},"datePublished":"2023-01-06T16:27:48+00:00","dateModified":"2024-07-17T07:52:06+00:00","breadcrumb":{"@id":"https:\/\/fenomena-film-production.de\/coming-soon\/the-golden-years\/#breadcrumb"},"inLanguage":"de","potentialAction":[{"@type":"ReadAction","target":["https:\/\/fenomena-film-production.de\/coming-soon\/the-golden-years\/"]}]},{"@type":"BreadcrumbList","@id":"https:\/\/fenomena-film-production.de\/coming-soon\/the-golden-years\/#breadcrumb","itemListElement":[{"@type":"ListItem","position":1,"name":"Home","item":"https:\/\/fenomena-film-production.de\/"},{"@type":"ListItem","position":2,"name":"Coming Soon","item":"https:\/\/fenomena-film-production.de\/coming-soon\/"},{"@type":"ListItem","position":3,"name":"The Golden Years"}]},{"@type":"WebSite","@id":"https:\/\/fenomena-film-production.de\/#website","url":"https:\/\/fenomena-film-production.de\/","name":"Fenomena Filmproduction","description":"","publisher":{"@id":"https:\/\/fenomena-film-production.de\/#organization"},"potentialAction":[{"@type":"SearchAction","target":{"@type":"EntryPoint","urlTemplate":"https:\/\/fenomena-film-production.de\/?s={search_term_string}"},"query-input":{"@type":"PropertyValueSpecification","valueRequired":true,"valueName":"search_term_string"}}],"inLanguage":"de"},{"@type":"Organization","@id":"https:\/\/fenomena-film-production.de\/#organization","name":"Fenomena Filmproduction","url":"https:\/\/fenomena-film-production.de\/","logo":{"@type":"ImageObject","inLanguage":"de","@id":"https:\/\/fenomena-film-production.de\/#\/schema\/logo\/image\/","url":"https:\/\/fenomena-film-production.de\/wp-content\/uploads\/2023\/01\/Fenomena-Film-Production-Header-Logo.png","contentUrl":"https:\/\/fenomena-film-production.de\/wp-content\/uploads\/2023\/01\/Fenomena-Film-Production-Header-Logo.png","width":450,"height":250,"caption":"Fenomena Filmproduction"},"image":{"@id":"https:\/\/fenomena-film-production.de\/#\/schema\/logo\/image\/"},"sameAs":["https:\/\/www.facebook.com\/profile.php?id=100063148034314","https:\/\/www.instagram.com\/fenomena_film_produktion\/"]}]}},"_links":{"self":[{"href":"https:\/\/fenomena-film-production.de\/de\/wp-json\/wp\/v2\/pages\/1036","targetHints":{"allow":["GET"]}}],"collection":[{"href":"https:\/\/fenomena-film-production.de\/de\/wp-json\/wp\/v2\/pages"}],"about":[{"href":"https:\/\/fenomena-film-production.de\/de\/wp-json\/wp\/v2\/types\/page"}],"author":[{"embeddable":true,"href":"https:\/\/fenomena-film-production.de\/de\/wp-json\/wp\/v2\/users\/1"}],"replies":[{"embeddable":true,"href":"https:\/\/fenomena-film-production.de\/de\/wp-json\/wp\/v2\/comments?post=1036"}],"version-history":[{"count":34,"href":"https:\/\/fenomena-film-production.de\/de\/wp-json\/wp\/v2\/pages\/1036\/revisions"}],"predecessor-version":[{"id":1958,"href":"https:\/\/fenomena-film-production.de\/de\/wp-json\/wp\/v2\/pages\/1036\/revisions\/1958"}],"up":[{"embeddable":true,"href":"https:\/\/fenomena-film-production.de\/de\/wp-json\/wp\/v2\/pages\/831"}],"wp:attachment":[{"href":"https:\/\/fenomena-film-production.de\/de\/wp-json\/wp\/v2\/media?parent=1036"}],"curies":[{"name":"wp","href":"https:\/\/api.w.org\/{rel}","templated":true}]}}